{"id":2905,"date":"2022-03-17T16:21:18","date_gmt":"2022-03-17T15:21:18","guid":{"rendered":"https:\/\/tenpac.fr\/?post_type=product&#038;p=2905"},"modified":"2024-02-23T11:23:30","modified_gmt":"2024-02-23T10:23:30","slug":"housse-pour-portant-rail-de-vetements-format-l","status":"publish","type":"product","link":"https:\/\/tenpac.fr\/index.php\/produit\/housse-pour-portant-rail-de-vetements-format-l\/","title":{"rendered":"Housse pour portant rail de v\u00eatements format L"},"content":{"rendered":"<h2>Housse \u00e9paisse pour la protection des portants de v\u00eatements.<\/h2>\n<h3>Id\u00e9ale pour le transport des collections et la conservation des textiles.<\/h3>\n<ul class=\"a-unordered-list a-vertical a-spacing-mini\">\n<li>Imperm\u00e9able et robuste. Usage intensif.<\/li>\n<li><span class=\"a-list-item\">Format L : 185cm haut x 60cm profondeur x 153cm longueur.<\/span><\/li>\n<li><span class=\"a-list-item\">Mati\u00e8re plastique \u00e9paisse transparente. Con\u00e7ue pour visualiser rapidement le contenu et prot\u00e9ger vos v\u00eatements de la poussi\u00e8re.<\/span><\/li>\n<li><span class=\"a-list-item\">Ouverture facile sur le devant gr\u00e2ce \u00e0 deux fermetures \u00e9clair sur toute la hauteur (voir sch\u00e9ma dans les images).<\/span><\/li>\n<\/ul>\n","protected":false},"excerpt":{"rendered":"<ul class=\"a-unordered-list a-vertical a-spacing-mini\">\n<li>Imperm\u00e9able et robuste. Usage intensif.<\/li>\n<li><span class=\"a-list-item\">Format L : 185cm haut x 60cm profondeur x 153cm longueur.<\/span><\/li>\n<li><span class=\"a-list-item\">Mati\u00e8re plastique \u00e9paisse transparente. Con\u00e7ue pour visualiser rapidement le contenu et prot\u00e9ger vos v\u00eatements de la poussi\u00e8re.<\/span><\/li>\n<li><span class=\"a-list-item\">Ouverture facile sur le devant gr\u00e2ce \u00e0 deux fermetures \u00e9clair sur toute la hauteur (voir sch\u00e9ma dans les images).<\/span><\/li>\n<\/ul>\n","protected":false},"featured_media":2667,"comment_status":"open","ping_status":"closed","template":"","meta":[],"product_brand":[],"product_cat":[40],"product_tag":[],"class_list":{"0":"post-2905","1":"product","2":"type-product","3":"status-publish","4":"has-post-thumbnail","6":"product_cat-portants","8":"first","9":"instock","10":"featured","11":"taxable","12":"shipping-taxable","13":"purchasable","14":"product-type-simple"},"yoast_head":"<!-- This site is optimized with the Yoast SEO plugin v26.7 - https:\/\/yoast.com\/wordpress\/plugins\/seo\/ -->\n<title>Housse pour portant rail de v\u00eatements format L - Tenpac<\/title>\n<meta name=\"description\" content=\"Cette housse pour portant est id\u00e9ale pour le transport des collections et la conservation des textiles. Imperm\u00e9able et robuste. Usage intensif.\" \/>\n<meta name=\"robots\" content=\"index, follow, max-snippet:-1, max-image-preview:large, max-video-preview:-1\" \/>\n<link rel=\"canonical\" href=\"https:\/\/tenpac.fr\/index.php\/produit\/housse-pour-portant-rail-de-vetements-format-l\/\" \/>\n<meta property=\"og:locale\" content=\"fr_FR\" \/>\n<meta property=\"og:type\" content=\"article\" \/>\n<meta property=\"og:title\" content=\"Housse pour portant rail de v\u00eatements format L - Tenpac\" \/>\n<meta property=\"og:description\" content=\"Cette housse pour portant est id\u00e9ale pour le transport des collections et la conservation des textiles. Imperm\u00e9able et robuste. Usage intensif.\" \/>\n<meta property=\"og:url\" content=\"https:\/\/tenpac.fr\/index.php\/produit\/housse-pour-portant-rail-de-vetements-format-l\/\" \/>\n<meta property=\"og:site_name\" content=\"Tenpac\" \/>\n<meta property=\"article:modified_time\" content=\"2024-02-23T10:23:30+00:00\" \/>\n<meta property=\"og:image\" content=\"https:\/\/tenpac.fr\/wp-content\/uploads\/2018\/04\/rail3.jpg\" \/>\n\t<meta property=\"og:image:width\" content=\"578\" \/>\n\t<meta property=\"og:image:height\" content=\"567\" \/>\n\t<meta property=\"og:image:type\" content=\"image\/jpeg\" \/>\n<meta name=\"twitter:card\" content=\"summary_large_image\" \/>\n<meta name=\"twitter:label1\" content=\"Dur\u00e9e de lecture estim\u00e9e\" \/>\n\t<meta name=\"twitter:data1\" content=\"1 minute\" \/>\n<script type=\"application\/ld+json\" class=\"yoast-schema-graph\">{\"@context\":\"https:\/\/schema.org\",\"@graph\":[{\"@type\":\"WebPage\",\"@id\":\"https:\/\/tenpac.fr\/index.php\/produit\/housse-pour-portant-rail-de-vetements-format-l\/\",\"url\":\"https:\/\/tenpac.fr\/index.php\/produit\/housse-pour-portant-rail-de-vetements-format-l\/\",\"name\":\"Housse pour portant rail de v\u00eatements format L - Tenpac\",\"isPartOf\":{\"@id\":\"https:\/\/tenpac.fr\/#website\"},\"primaryImageOfPage\":{\"@id\":\"https:\/\/tenpac.fr\/index.php\/produit\/housse-pour-portant-rail-de-vetements-format-l\/#primaryimage\"},\"image\":{\"@id\":\"https:\/\/tenpac.fr\/index.php\/produit\/housse-pour-portant-rail-de-vetements-format-l\/#primaryimage\"},\"thumbnailUrl\":\"https:\/\/tenpac.fr\/wp-content\/uploads\/2018\/04\/rail3.jpg\",\"datePublished\":\"2022-03-17T15:21:18+00:00\",\"dateModified\":\"2024-02-23T10:23:30+00:00\",\"description\":\"Cette housse pour portant est id\u00e9ale pour le transport des collections et la conservation des textiles. Imperm\u00e9able et robuste. Usage intensif.\",\"breadcrumb\":{\"@id\":\"https:\/\/tenpac.fr\/index.php\/produit\/housse-pour-portant-rail-de-vetements-format-l\/#breadcrumb\"},\"inLanguage\":\"fr-FR\",\"potentialAction\":[{\"@type\":\"ReadAction\",\"target\":[\"https:\/\/tenpac.fr\/index.php\/produit\/housse-pour-portant-rail-de-vetements-format-l\/\"]}]},{\"@type\":\"ImageObject\",\"inLanguage\":\"fr-FR\",\"@id\":\"https:\/\/tenpac.fr\/index.php\/produit\/housse-pour-portant-rail-de-vetements-format-l\/#primaryimage\",\"url\":\"https:\/\/tenpac.fr\/wp-content\/uploads\/2018\/04\/rail3.jpg\",\"contentUrl\":\"https:\/\/tenpac.fr\/wp-content\/uploads\/2018\/04\/rail3.jpg\",\"width\":578,\"height\":567,\"caption\":\"Housse de protection pour rail de v\u00eatements\"},{\"@type\":\"BreadcrumbList\",\"@id\":\"https:\/\/tenpac.fr\/index.php\/produit\/housse-pour-portant-rail-de-vetements-format-l\/#breadcrumb\",\"itemListElement\":[{\"@type\":\"ListItem\",\"position\":1,\"name\":\"Accueil\",\"item\":\"https:\/\/tenpac.fr\/\"},{\"@type\":\"ListItem\",\"position\":2,\"name\":\"Shop\",\"item\":\"https:\/\/tenpac.fr\/index.php\/shop\/\"},{\"@type\":\"ListItem\",\"position\":3,\"name\":\"Housse pour portant rail de v\u00eatements format L\"}]},{\"@type\":\"WebSite\",\"@id\":\"https:\/\/tenpac.fr\/#website\",\"url\":\"https:\/\/tenpac.fr\/\",\"name\":\"Tenpac\",\"description\":\"Le sp\u00e9cialiste des housses de v\u00eatements\",\"publisher\":{\"@id\":\"https:\/\/tenpac.fr\/#organization\"},\"potentialAction\":[{\"@type\":\"SearchAction\",\"target\":{\"@type\":\"EntryPoint\",\"urlTemplate\":\"https:\/\/tenpac.fr\/?s={search_term_string}\"},\"query-input\":{\"@type\":\"PropertyValueSpecification\",\"valueRequired\":true,\"valueName\":\"search_term_string\"}}],\"inLanguage\":\"fr-FR\"},{\"@type\":\"Organization\",\"@id\":\"https:\/\/tenpac.fr\/#organization\",\"name\":\"TENPAC\",\"url\":\"https:\/\/tenpac.fr\/\",\"logo\":{\"@type\":\"ImageObject\",\"inLanguage\":\"fr-FR\",\"@id\":\"https:\/\/tenpac.fr\/#\/schema\/logo\/image\/\",\"url\":\"https:\/\/madeleinezu.com\/wp-content\/uploads\/2021\/06\/logojpg.jpg\",\"contentUrl\":\"https:\/\/madeleinezu.com\/wp-content\/uploads\/2021\/06\/logojpg.jpg\",\"width\":156,\"height\":59,\"caption\":\"TENPAC\"},\"image\":{\"@id\":\"https:\/\/tenpac.fr\/#\/schema\/logo\/image\/\"}}]}<\/script>\n<!-- \/ Yoast SEO plugin. -->","yoast_head_json":{"title":"Housse pour portant rail de v\u00eatements format L - Tenpac","description":"Cette housse pour portant est id\u00e9ale pour le transport des collections et la conservation des textiles. Imperm\u00e9able et robuste. Usage intensif.","robots":{"index":"index","follow":"follow","max-snippet":"max-snippet:-1","max-image-preview":"max-image-preview:large","max-video-preview":"max-video-preview:-1"},"canonical":"https:\/\/tenpac.fr\/index.php\/produit\/housse-pour-portant-rail-de-vetements-format-l\/","og_locale":"fr_FR","og_type":"article","og_title":"Housse pour portant rail de v\u00eatements format L - Tenpac","og_description":"Cette housse pour portant est id\u00e9ale pour le transport des collections et la conservation des textiles. Imperm\u00e9able et robuste. Usage intensif.","og_url":"https:\/\/tenpac.fr\/index.php\/produit\/housse-pour-portant-rail-de-vetements-format-l\/","og_site_name":"Tenpac","article_modified_time":"2024-02-23T10:23:30+00:00","og_image":[{"width":578,"height":567,"url":"https:\/\/tenpac.fr\/wp-content\/uploads\/2018\/04\/rail3.jpg","type":"image\/jpeg"}],"twitter_card":"summary_large_image","twitter_misc":{"Dur\u00e9e de lecture estim\u00e9e":"1 minute"},"schema":{"@context":"https:\/\/schema.org","@graph":[{"@type":"WebPage","@id":"https:\/\/tenpac.fr\/index.php\/produit\/housse-pour-portant-rail-de-vetements-format-l\/","url":"https:\/\/tenpac.fr\/index.php\/produit\/housse-pour-portant-rail-de-vetements-format-l\/","name":"Housse pour portant rail de v\u00eatements format L - Tenpac","isPartOf":{"@id":"https:\/\/tenpac.fr\/#website"},"primaryImageOfPage":{"@id":"https:\/\/tenpac.fr\/index.php\/produit\/housse-pour-portant-rail-de-vetements-format-l\/#primaryimage"},"image":{"@id":"https:\/\/tenpac.fr\/index.php\/produit\/housse-pour-portant-rail-de-vetements-format-l\/#primaryimage"},"thumbnailUrl":"https:\/\/tenpac.fr\/wp-content\/uploads\/2018\/04\/rail3.jpg","datePublished":"2022-03-17T15:21:18+00:00","dateModified":"2024-02-23T10:23:30+00:00","description":"Cette housse pour portant est id\u00e9ale pour le transport des collections et la conservation des textiles. Imperm\u00e9able et robuste. Usage intensif.","breadcrumb":{"@id":"https:\/\/tenpac.fr\/index.php\/produit\/housse-pour-portant-rail-de-vetements-format-l\/#breadcrumb"},"inLanguage":"fr-FR","potentialAction":[{"@type":"ReadAction","target":["https:\/\/tenpac.fr\/index.php\/produit\/housse-pour-portant-rail-de-vetements-format-l\/"]}]},{"@type":"ImageObject","inLanguage":"fr-FR","@id":"https:\/\/tenpac.fr\/index.php\/produit\/housse-pour-portant-rail-de-vetements-format-l\/#primaryimage","url":"https:\/\/tenpac.fr\/wp-content\/uploads\/2018\/04\/rail3.jpg","contentUrl":"https:\/\/tenpac.fr\/wp-content\/uploads\/2018\/04\/rail3.jpg","width":578,"height":567,"caption":"Housse de protection pour rail de v\u00eatements"},{"@type":"BreadcrumbList","@id":"https:\/\/tenpac.fr\/index.php\/produit\/housse-pour-portant-rail-de-vetements-format-l\/#breadcrumb","itemListElement":[{"@type":"ListItem","position":1,"name":"Accueil","item":"https:\/\/tenpac.fr\/"},{"@type":"ListItem","position":2,"name":"Shop","item":"https:\/\/tenpac.fr\/index.php\/shop\/"},{"@type":"ListItem","position":3,"name":"Housse pour portant rail de v\u00eatements format L"}]},{"@type":"WebSite","@id":"https:\/\/tenpac.fr\/#website","url":"https:\/\/tenpac.fr\/","name":"Tenpac","description":"Le sp\u00e9cialiste des housses de v\u00eatements","publisher":{"@id":"https:\/\/tenpac.fr\/#organization"},"potentialAction":[{"@type":"SearchAction","target":{"@type":"EntryPoint","urlTemplate":"https:\/\/tenpac.fr\/?s={search_term_string}"},"query-input":{"@type":"PropertyValueSpecification","valueRequired":true,"valueName":"search_term_string"}}],"inLanguage":"fr-FR"},{"@type":"Organization","@id":"https:\/\/tenpac.fr\/#organization","name":"TENPAC","url":"https:\/\/tenpac.fr\/","logo":{"@type":"ImageObject","inLanguage":"fr-FR","@id":"https:\/\/tenpac.fr\/#\/schema\/logo\/image\/","url":"https:\/\/madeleinezu.com\/wp-content\/uploads\/2021\/06\/logojpg.jpg","contentUrl":"https:\/\/madeleinezu.com\/wp-content\/uploads\/2021\/06\/logojpg.jpg","width":156,"height":59,"caption":"TENPAC"},"image":{"@id":"https:\/\/tenpac.fr\/#\/schema\/logo\/image\/"}}]}},"jetpack_sharing_enabled":true,"tiered_pricing_type":"fixed","tiered_pricing_fixed_rules":{"5":21.95},"tiered_pricing_product_settings":{"layout":"default","base_unit_name":{"singular":null,"plural":null},"default_variation":null},"tiered_pricing_minimum_quantity":null,"tiered_pricing_roles_data":[],"tiered_pricing_percentage_rules":[],"_links":{"self":[{"href":"https:\/\/tenpac.fr\/index.php\/wp-json\/wp\/v2\/product\/2905","targetHints":{"allow":["GET"]}}],"collection":[{"href":"https:\/\/tenpac.fr\/index.php\/wp-json\/wp\/v2\/product"}],"about":[{"href":"https:\/\/tenpac.fr\/index.php\/wp-json\/wp\/v2\/types\/product"}],"replies":[{"embeddable":true,"href":"https:\/\/tenpac.fr\/index.php\/wp-json\/wp\/v2\/comments?post=2905"}],"wp:featuredmedia":[{"embeddable":true,"href":"https:\/\/tenpac.fr\/index.php\/wp-json\/wp\/v2\/media\/2667"}],"wp:attachment":[{"href":"https:\/\/tenpac.fr\/index.php\/wp-json\/wp\/v2\/media?parent=2905"}],"wp:term":[{"taxonomy":"product_brand","embeddable":true,"href":"https:\/\/tenpac.fr\/index.php\/wp-json\/wp\/v2\/product_brand?post=2905"},{"taxonomy":"product_cat","embeddable":true,"href":"https:\/\/tenpac.fr\/index.php\/wp-json\/wp\/v2\/product_cat?post=2905"},{"taxonomy":"product_tag","embeddable":true,"href":"https:\/\/tenpac.fr\/index.php\/wp-json\/wp\/v2\/product_tag?post=2905"}],"curies":[{"name":"wp","href":"https:\/\/api.w.org\/{rel}","templated":true}]}}