{"id":2849,"date":"2021-07-09T15:38:02","date_gmt":"2021-07-09T13:38:02","guid":{"rendered":"https:\/\/madeleinezu.com\/?post_type=product&#038;p=2849"},"modified":"2026-03-23T11:22:08","modified_gmt":"2026-03-23T10:22:08","slug":"housse-coton-naturel-robe-de-mariee-blanc","status":"publish","type":"product","link":"https:\/\/tenpac.fr\/index.php\/produit\/housse-coton-naturel-robe-de-mariee-blanc\/","title":{"rendered":"Housse coton naturel robe de mari\u00e9e blanc"},"content":{"rendered":"<p>Housse en coton naturel format extra-long pour robe de mari\u00e9e \/ soir\u00e9e, lavable et r\u00e9utilisable.<\/p>\n<p>Tarifs HT<\/p>\n<p>Stock permanent : exp\u00e9di\u00e9 sous 48h<\/p>\n<h3>Caract\u00e9ristiques techniques<\/h3>\n<ul>\n<li style=\"list-style-type: none;\"><\/li>\n<li>Dimensions : 183 x 66 x soufflet lat\u00e9ral 25cm<\/li>\n<li>Mati\u00e8re\u00a0: coton<\/li>\n<li>Coloris : blanc<\/li>\n<li>Opaque<\/li>\n<li>Fermeture \u00e9clair sur toute la hauteur<\/li>\n<li>Fen\u00eatre porte-carte sur le devant<\/li>\n<li>Ouverture cintre en haut<\/li>\n<li>Lavable en machine \u00e0 40\u00b0c<\/li>\n<\/ul>\n","protected":false},"excerpt":{"rendered":"<ul>\n<li>Tarif HT<\/li>\n<li>Dimensions : 183 x 66 x soufflet 25cm<\/li>\n<li>Mati\u00e8re\u00a0: coton<\/li>\n<li>Coloris : blanc<\/li>\n<li>Opaque<\/li>\n<li>Fermeture \u00e9clair sur toute la hauteur<\/li>\n<\/ul>\n","protected":false},"featured_media":2888,"comment_status":"open","ping_status":"closed","template":"","meta":[],"product_brand":[],"product_cat":[49,53,69],"product_tag":[],"class_list":{"0":"post-2849","1":"product","2":"type-product","3":"status-publish","4":"has-post-thumbnail","6":"product_cat-housses-robes-de-mariees","7":"product_cat-housses-vetements","8":"product_cat-housses-en-coton-naturel","10":"first","11":"instock","12":"taxable","13":"shipping-taxable","14":"purchasable","15":"product-type-simple"},"yoast_head":"<!-- This site is optimized with the Yoast SEO plugin v26.7 - https:\/\/yoast.com\/wordpress\/plugins\/seo\/ -->\n<title>Housse coton naturel robe de mari\u00e9e blanc - Tenpac<\/title>\n<meta name=\"description\" content=\"D\u00e9couvrez nos housses en coton naturel pour robes de mari\u00e9e dans notre boutique en ligne. Tenpac est une marque fran\u00e7aise.\" \/>\n<meta name=\"robots\" content=\"index, follow, max-snippet:-1, max-image-preview:large, max-video-preview:-1\" \/>\n<link rel=\"canonical\" href=\"https:\/\/tenpac.fr\/index.php\/produit\/housse-coton-naturel-robe-de-mariee-blanc\/\" \/>\n<meta property=\"og:locale\" content=\"fr_FR\" \/>\n<meta property=\"og:type\" content=\"article\" \/>\n<meta property=\"og:title\" content=\"Housse coton naturel robe de mari\u00e9e blanc - Tenpac\" \/>\n<meta property=\"og:description\" content=\"D\u00e9couvrez nos housses en coton naturel pour robes de mari\u00e9e dans notre boutique en ligne. Tenpac est une marque fran\u00e7aise.\" \/>\n<meta property=\"og:url\" content=\"https:\/\/tenpac.fr\/index.php\/produit\/housse-coton-naturel-robe-de-mariee-blanc\/\" \/>\n<meta property=\"og:site_name\" content=\"Tenpac\" \/>\n<meta property=\"article:modified_time\" content=\"2026-03-23T10:22:08+00:00\" \/>\n<meta property=\"og:image\" content=\"https:\/\/tenpac.fr\/wp-content\/uploads\/2021\/07\/NATWED2_265-1.jpg\" \/>\n\t<meta property=\"og:image:width\" content=\"265\" \/>\n\t<meta property=\"og:image:height\" content=\"265\" \/>\n\t<meta property=\"og:image:type\" content=\"image\/jpeg\" \/>\n<meta name=\"twitter:card\" content=\"summary_large_image\" \/>\n<meta name=\"twitter:label1\" content=\"Dur\u00e9e de lecture estim\u00e9e\" \/>\n\t<meta name=\"twitter:data1\" content=\"1 minute\" \/>\n<script type=\"application\/ld+json\" class=\"yoast-schema-graph\">{\"@context\":\"https:\/\/schema.org\",\"@graph\":[{\"@type\":\"WebPage\",\"@id\":\"https:\/\/tenpac.fr\/index.php\/produit\/housse-coton-naturel-robe-de-mariee-blanc\/\",\"url\":\"https:\/\/tenpac.fr\/index.php\/produit\/housse-coton-naturel-robe-de-mariee-blanc\/\",\"name\":\"Housse coton naturel robe de mari\u00e9e blanc - Tenpac\",\"isPartOf\":{\"@id\":\"https:\/\/tenpac.fr\/#website\"},\"primaryImageOfPage\":{\"@id\":\"https:\/\/tenpac.fr\/index.php\/produit\/housse-coton-naturel-robe-de-mariee-blanc\/#primaryimage\"},\"image\":{\"@id\":\"https:\/\/tenpac.fr\/index.php\/produit\/housse-coton-naturel-robe-de-mariee-blanc\/#primaryimage\"},\"thumbnailUrl\":\"https:\/\/tenpac.fr\/wp-content\/uploads\/2021\/07\/NATWED2_265-1.jpg\",\"datePublished\":\"2021-07-09T13:38:02+00:00\",\"dateModified\":\"2026-03-23T10:22:08+00:00\",\"description\":\"D\u00e9couvrez nos housses en coton naturel pour robes de mari\u00e9e dans notre boutique en ligne. Tenpac est une marque fran\u00e7aise.\",\"breadcrumb\":{\"@id\":\"https:\/\/tenpac.fr\/index.php\/produit\/housse-coton-naturel-robe-de-mariee-blanc\/#breadcrumb\"},\"inLanguage\":\"fr-FR\",\"potentialAction\":[{\"@type\":\"ReadAction\",\"target\":[\"https:\/\/tenpac.fr\/index.php\/produit\/housse-coton-naturel-robe-de-mariee-blanc\/\"]}]},{\"@type\":\"ImageObject\",\"inLanguage\":\"fr-FR\",\"@id\":\"https:\/\/tenpac.fr\/index.php\/produit\/housse-coton-naturel-robe-de-mariee-blanc\/#primaryimage\",\"url\":\"https:\/\/tenpac.fr\/wp-content\/uploads\/2021\/07\/NATWED2_265-1.jpg\",\"contentUrl\":\"https:\/\/tenpac.fr\/wp-content\/uploads\/2021\/07\/NATWED2_265-1.jpg\",\"width\":265,\"height\":265,\"caption\":\"Housse coton robe de mari\u00e9e\"},{\"@type\":\"BreadcrumbList\",\"@id\":\"https:\/\/tenpac.fr\/index.php\/produit\/housse-coton-naturel-robe-de-mariee-blanc\/#breadcrumb\",\"itemListElement\":[{\"@type\":\"ListItem\",\"position\":1,\"name\":\"Accueil\",\"item\":\"https:\/\/tenpac.fr\/\"},{\"@type\":\"ListItem\",\"position\":2,\"name\":\"Shop\",\"item\":\"https:\/\/tenpac.fr\/index.php\/shop\/\"},{\"@type\":\"ListItem\",\"position\":3,\"name\":\"Housse coton naturel robe de mari\u00e9e blanc\"}]},{\"@type\":\"WebSite\",\"@id\":\"https:\/\/tenpac.fr\/#website\",\"url\":\"https:\/\/tenpac.fr\/\",\"name\":\"Tenpac\",\"description\":\"Le sp\u00e9cialiste des housses de v\u00eatements\",\"publisher\":{\"@id\":\"https:\/\/tenpac.fr\/#organization\"},\"potentialAction\":[{\"@type\":\"SearchAction\",\"target\":{\"@type\":\"EntryPoint\",\"urlTemplate\":\"https:\/\/tenpac.fr\/?s={search_term_string}\"},\"query-input\":{\"@type\":\"PropertyValueSpecification\",\"valueRequired\":true,\"valueName\":\"search_term_string\"}}],\"inLanguage\":\"fr-FR\"},{\"@type\":\"Organization\",\"@id\":\"https:\/\/tenpac.fr\/#organization\",\"name\":\"TENPAC\",\"url\":\"https:\/\/tenpac.fr\/\",\"logo\":{\"@type\":\"ImageObject\",\"inLanguage\":\"fr-FR\",\"@id\":\"https:\/\/tenpac.fr\/#\/schema\/logo\/image\/\",\"url\":\"https:\/\/madeleinezu.com\/wp-content\/uploads\/2021\/06\/logojpg.jpg\",\"contentUrl\":\"https:\/\/madeleinezu.com\/wp-content\/uploads\/2021\/06\/logojpg.jpg\",\"width\":156,\"height\":59,\"caption\":\"TENPAC\"},\"image\":{\"@id\":\"https:\/\/tenpac.fr\/#\/schema\/logo\/image\/\"}}]}<\/script>\n<!-- \/ Yoast SEO plugin. -->","yoast_head_json":{"title":"Housse coton naturel robe de mari\u00e9e blanc - Tenpac","description":"D\u00e9couvrez nos housses en coton naturel pour robes de mari\u00e9e dans notre boutique en ligne. Tenpac est une marque fran\u00e7aise.","robots":{"index":"index","follow":"follow","max-snippet":"max-snippet:-1","max-image-preview":"max-image-preview:large","max-video-preview":"max-video-preview:-1"},"canonical":"https:\/\/tenpac.fr\/index.php\/produit\/housse-coton-naturel-robe-de-mariee-blanc\/","og_locale":"fr_FR","og_type":"article","og_title":"Housse coton naturel robe de mari\u00e9e blanc - Tenpac","og_description":"D\u00e9couvrez nos housses en coton naturel pour robes de mari\u00e9e dans notre boutique en ligne. Tenpac est une marque fran\u00e7aise.","og_url":"https:\/\/tenpac.fr\/index.php\/produit\/housse-coton-naturel-robe-de-mariee-blanc\/","og_site_name":"Tenpac","article_modified_time":"2026-03-23T10:22:08+00:00","og_image":[{"width":265,"height":265,"url":"https:\/\/tenpac.fr\/wp-content\/uploads\/2021\/07\/NATWED2_265-1.jpg","type":"image\/jpeg"}],"twitter_card":"summary_large_image","twitter_misc":{"Dur\u00e9e de lecture estim\u00e9e":"1 minute"},"schema":{"@context":"https:\/\/schema.org","@graph":[{"@type":"WebPage","@id":"https:\/\/tenpac.fr\/index.php\/produit\/housse-coton-naturel-robe-de-mariee-blanc\/","url":"https:\/\/tenpac.fr\/index.php\/produit\/housse-coton-naturel-robe-de-mariee-blanc\/","name":"Housse coton naturel robe de mari\u00e9e blanc - Tenpac","isPartOf":{"@id":"https:\/\/tenpac.fr\/#website"},"primaryImageOfPage":{"@id":"https:\/\/tenpac.fr\/index.php\/produit\/housse-coton-naturel-robe-de-mariee-blanc\/#primaryimage"},"image":{"@id":"https:\/\/tenpac.fr\/index.php\/produit\/housse-coton-naturel-robe-de-mariee-blanc\/#primaryimage"},"thumbnailUrl":"https:\/\/tenpac.fr\/wp-content\/uploads\/2021\/07\/NATWED2_265-1.jpg","datePublished":"2021-07-09T13:38:02+00:00","dateModified":"2026-03-23T10:22:08+00:00","description":"D\u00e9couvrez nos housses en coton naturel pour robes de mari\u00e9e dans notre boutique en ligne. Tenpac est une marque fran\u00e7aise.","breadcrumb":{"@id":"https:\/\/tenpac.fr\/index.php\/produit\/housse-coton-naturel-robe-de-mariee-blanc\/#breadcrumb"},"inLanguage":"fr-FR","potentialAction":[{"@type":"ReadAction","target":["https:\/\/tenpac.fr\/index.php\/produit\/housse-coton-naturel-robe-de-mariee-blanc\/"]}]},{"@type":"ImageObject","inLanguage":"fr-FR","@id":"https:\/\/tenpac.fr\/index.php\/produit\/housse-coton-naturel-robe-de-mariee-blanc\/#primaryimage","url":"https:\/\/tenpac.fr\/wp-content\/uploads\/2021\/07\/NATWED2_265-1.jpg","contentUrl":"https:\/\/tenpac.fr\/wp-content\/uploads\/2021\/07\/NATWED2_265-1.jpg","width":265,"height":265,"caption":"Housse coton robe de mari\u00e9e"},{"@type":"BreadcrumbList","@id":"https:\/\/tenpac.fr\/index.php\/produit\/housse-coton-naturel-robe-de-mariee-blanc\/#breadcrumb","itemListElement":[{"@type":"ListItem","position":1,"name":"Accueil","item":"https:\/\/tenpac.fr\/"},{"@type":"ListItem","position":2,"name":"Shop","item":"https:\/\/tenpac.fr\/index.php\/shop\/"},{"@type":"ListItem","position":3,"name":"Housse coton naturel robe de mari\u00e9e blanc"}]},{"@type":"WebSite","@id":"https:\/\/tenpac.fr\/#website","url":"https:\/\/tenpac.fr\/","name":"Tenpac","description":"Le sp\u00e9cialiste des housses de v\u00eatements","publisher":{"@id":"https:\/\/tenpac.fr\/#organization"},"potentialAction":[{"@type":"SearchAction","target":{"@type":"EntryPoint","urlTemplate":"https:\/\/tenpac.fr\/?s={search_term_string}"},"query-input":{"@type":"PropertyValueSpecification","valueRequired":true,"valueName":"search_term_string"}}],"inLanguage":"fr-FR"},{"@type":"Organization","@id":"https:\/\/tenpac.fr\/#organization","name":"TENPAC","url":"https:\/\/tenpac.fr\/","logo":{"@type":"ImageObject","inLanguage":"fr-FR","@id":"https:\/\/tenpac.fr\/#\/schema\/logo\/image\/","url":"https:\/\/madeleinezu.com\/wp-content\/uploads\/2021\/06\/logojpg.jpg","contentUrl":"https:\/\/madeleinezu.com\/wp-content\/uploads\/2021\/06\/logojpg.jpg","width":156,"height":59,"caption":"TENPAC"},"image":{"@id":"https:\/\/tenpac.fr\/#\/schema\/logo\/image\/"}}]}},"jetpack_sharing_enabled":true,"tiered_pricing_type":"fixed","tiered_pricing_fixed_rules":{"20":18.75,"50":17.5},"tiered_pricing_product_settings":{"layout":"default","base_unit_name":{"singular":null,"plural":null},"default_variation":null},"tiered_pricing_minimum_quantity":null,"tiered_pricing_roles_data":[],"tiered_pricing_percentage_rules":[],"_links":{"self":[{"href":"https:\/\/tenpac.fr\/index.php\/wp-json\/wp\/v2\/product\/2849","targetHints":{"allow":["GET"]}}],"collection":[{"href":"https:\/\/tenpac.fr\/index.php\/wp-json\/wp\/v2\/product"}],"about":[{"href":"https:\/\/tenpac.fr\/index.php\/wp-json\/wp\/v2\/types\/product"}],"replies":[{"embeddable":true,"href":"https:\/\/tenpac.fr\/index.php\/wp-json\/wp\/v2\/comments?post=2849"}],"wp:featuredmedia":[{"embeddable":true,"href":"https:\/\/tenpac.fr\/index.php\/wp-json\/wp\/v2\/media\/2888"}],"wp:attachment":[{"href":"https:\/\/tenpac.fr\/index.php\/wp-json\/wp\/v2\/media?parent=2849"}],"wp:term":[{"taxonomy":"product_brand","embeddable":true,"href":"https:\/\/tenpac.fr\/index.php\/wp-json\/wp\/v2\/product_brand?post=2849"},{"taxonomy":"product_cat","embeddable":true,"href":"https:\/\/tenpac.fr\/index.php\/wp-json\/wp\/v2\/product_cat?post=2849"},{"taxonomy":"product_tag","embeddable":true,"href":"https:\/\/tenpac.fr\/index.php\/wp-json\/wp\/v2\/product_tag?post=2849"}],"curies":[{"name":"wp","href":"https:\/\/api.w.org\/{rel}","templated":true}]}}