{"id":2848,"date":"2021-07-09T15:12:33","date_gmt":"2021-07-09T13:12:33","guid":{"rendered":"https:\/\/madeleinezu.com\/?post_type=product&#038;p=2848"},"modified":"2023-09-02T20:32:55","modified_gmt":"2023-09-02T18:32:55","slug":"housse-transparente-pour-robe-de-mariee","status":"publish","type":"product","link":"https:\/\/tenpac.fr\/index.php\/produit\/housse-transparente-pour-robe-de-mariee\/","title":{"rendered":"Housse transparente pour robe de mari\u00e9e"},"content":{"rendered":"<p>Housses transparentes extra-longues pour robes de mari\u00e9es \/ soir\u00e9e.<\/p>\n<p>En vinyle \u00e9pais, elles sont id\u00e9ales pour le transport et visualisation instantan\u00e9e du contenu.<\/p>\n<p>Tarifs HT<\/p>\n<p>Stock permanent : exp\u00e9di\u00e9 sous 48h<\/p>\n<h3>Caract\u00e9ristiques techniques<\/h3>\n<ul>\n<li style=\"list-style-type: none;\"><\/li>\n<li>Dimensions : 183 x 66 cm + soufflet lat\u00e9ral de 25cm (\u00e9vite l&rsquo;\u00e9crasement de la robe)<\/li>\n<li>Format extra-long : robes de mari\u00e9es, de soir\u00e9e&#8230;<\/li>\n<li>Mati\u00e8re : vinyle<\/li>\n<li>Coloris : transparent<\/li>\n<li>Fermeture \u00e9clair sur toute la hauteur<\/li>\n<li>Ouverture cintre en haut<\/li>\n<li>Syst\u00e8me de repli int\u00e9gr\u00e9 pour un transport facile de la robe<\/li>\n<\/ul>\n","protected":false},"excerpt":{"rendered":"<ul>\n<li>Dimensions : 183 x 66 cm + soufflet 25cm<\/li>\n<li>Format extra-long : robes de mari\u00e9es, de soir\u00e9e&#8230;<\/li>\n<li>Mati\u00e8re : vinyle<\/li>\n<li>Coloris : transparent<\/li>\n<li>Fermeture \u00e9clair sur toute la hauteur<\/li>\n<\/ul>\n","protected":false},"featured_media":2818,"comment_status":"open","ping_status":"closed","template":"","meta":[],"product_brand":[],"product_cat":[49,70],"product_tag":[],"class_list":{"0":"post-2848","1":"product","2":"type-product","3":"status-publish","4":"has-post-thumbnail","6":"product_cat-housses-robes-de-mariees","7":"product_cat-housses-transparentes","9":"first","10":"instock","11":"taxable","12":"shipping-taxable","13":"purchasable","14":"product-type-simple"},"yoast_head":"<!-- This site is optimized with the Yoast SEO plugin v26.7 - https:\/\/yoast.com\/wordpress\/plugins\/seo\/ -->\n<title>Housse transparente pour robe de mari\u00e9e - Tenpac<\/title>\n<meta name=\"description\" content=\"Housses transparentes pour robes de mari\u00e9es \/ soir\u00e9e extra-longues.\u00a0En vinyle \u00e9pais, elles sont id\u00e9ales pour le transport de vos robes.\" \/>\n<meta name=\"robots\" content=\"index, follow, max-snippet:-1, max-image-preview:large, max-video-preview:-1\" \/>\n<link rel=\"canonical\" href=\"https:\/\/tenpac.fr\/index.php\/produit\/housse-transparente-pour-robe-de-mariee\/\" \/>\n<meta property=\"og:locale\" content=\"fr_FR\" \/>\n<meta property=\"og:type\" content=\"article\" \/>\n<meta property=\"og:title\" content=\"Housse transparente pour robe de mari\u00e9e - Tenpac\" \/>\n<meta property=\"og:description\" content=\"Housses transparentes pour robes de mari\u00e9es \/ soir\u00e9e extra-longues.\u00a0En vinyle \u00e9pais, elles sont id\u00e9ales pour le transport de vos robes.\" \/>\n<meta property=\"og:url\" content=\"https:\/\/tenpac.fr\/index.php\/produit\/housse-transparente-pour-robe-de-mariee\/\" \/>\n<meta property=\"og:site_name\" content=\"Tenpac\" \/>\n<meta property=\"article:modified_time\" content=\"2023-09-02T18:32:55+00:00\" \/>\n<meta property=\"og:image\" content=\"https:\/\/tenpac.fr\/wp-content\/uploads\/2021\/06\/V2011a.jpg\" \/>\n\t<meta property=\"og:image:width\" content=\"457\" \/>\n\t<meta property=\"og:image:height\" content=\"604\" \/>\n\t<meta property=\"og:image:type\" content=\"image\/jpeg\" \/>\n<meta name=\"twitter:card\" content=\"summary_large_image\" \/>\n<meta name=\"twitter:label1\" content=\"Dur\u00e9e de lecture estim\u00e9e\" \/>\n\t<meta name=\"twitter:data1\" content=\"1 minute\" \/>\n<script type=\"application\/ld+json\" class=\"yoast-schema-graph\">{\"@context\":\"https:\/\/schema.org\",\"@graph\":[{\"@type\":\"WebPage\",\"@id\":\"https:\/\/tenpac.fr\/index.php\/produit\/housse-transparente-pour-robe-de-mariee\/\",\"url\":\"https:\/\/tenpac.fr\/index.php\/produit\/housse-transparente-pour-robe-de-mariee\/\",\"name\":\"Housse transparente pour robe de mari\u00e9e - Tenpac\",\"isPartOf\":{\"@id\":\"https:\/\/tenpac.fr\/#website\"},\"primaryImageOfPage\":{\"@id\":\"https:\/\/tenpac.fr\/index.php\/produit\/housse-transparente-pour-robe-de-mariee\/#primaryimage\"},\"image\":{\"@id\":\"https:\/\/tenpac.fr\/index.php\/produit\/housse-transparente-pour-robe-de-mariee\/#primaryimage\"},\"thumbnailUrl\":\"https:\/\/tenpac.fr\/wp-content\/uploads\/2021\/06\/V2011a.jpg\",\"datePublished\":\"2021-07-09T13:12:33+00:00\",\"dateModified\":\"2023-09-02T18:32:55+00:00\",\"description\":\"Housses transparentes pour robes de mari\u00e9es \/ soir\u00e9e extra-longues.\u00a0En vinyle \u00e9pais, elles sont id\u00e9ales pour le transport de vos robes.\",\"breadcrumb\":{\"@id\":\"https:\/\/tenpac.fr\/index.php\/produit\/housse-transparente-pour-robe-de-mariee\/#breadcrumb\"},\"inLanguage\":\"fr-FR\",\"potentialAction\":[{\"@type\":\"ReadAction\",\"target\":[\"https:\/\/tenpac.fr\/index.php\/produit\/housse-transparente-pour-robe-de-mariee\/\"]}]},{\"@type\":\"ImageObject\",\"inLanguage\":\"fr-FR\",\"@id\":\"https:\/\/tenpac.fr\/index.php\/produit\/housse-transparente-pour-robe-de-mariee\/#primaryimage\",\"url\":\"https:\/\/tenpac.fr\/wp-content\/uploads\/2021\/06\/V2011a.jpg\",\"contentUrl\":\"https:\/\/tenpac.fr\/wp-content\/uploads\/2021\/06\/V2011a.jpg\",\"width\":457,\"height\":604},{\"@type\":\"BreadcrumbList\",\"@id\":\"https:\/\/tenpac.fr\/index.php\/produit\/housse-transparente-pour-robe-de-mariee\/#breadcrumb\",\"itemListElement\":[{\"@type\":\"ListItem\",\"position\":1,\"name\":\"Accueil\",\"item\":\"https:\/\/tenpac.fr\/\"},{\"@type\":\"ListItem\",\"position\":2,\"name\":\"Shop\",\"item\":\"https:\/\/tenpac.fr\/index.php\/shop\/\"},{\"@type\":\"ListItem\",\"position\":3,\"name\":\"Housse transparente pour robe de mari\u00e9e\"}]},{\"@type\":\"WebSite\",\"@id\":\"https:\/\/tenpac.fr\/#website\",\"url\":\"https:\/\/tenpac.fr\/\",\"name\":\"Tenpac\",\"description\":\"Le sp\u00e9cialiste des housses de v\u00eatements\",\"publisher\":{\"@id\":\"https:\/\/tenpac.fr\/#organization\"},\"potentialAction\":[{\"@type\":\"SearchAction\",\"target\":{\"@type\":\"EntryPoint\",\"urlTemplate\":\"https:\/\/tenpac.fr\/?s={search_term_string}\"},\"query-input\":{\"@type\":\"PropertyValueSpecification\",\"valueRequired\":true,\"valueName\":\"search_term_string\"}}],\"inLanguage\":\"fr-FR\"},{\"@type\":\"Organization\",\"@id\":\"https:\/\/tenpac.fr\/#organization\",\"name\":\"TENPAC\",\"url\":\"https:\/\/tenpac.fr\/\",\"logo\":{\"@type\":\"ImageObject\",\"inLanguage\":\"fr-FR\",\"@id\":\"https:\/\/tenpac.fr\/#\/schema\/logo\/image\/\",\"url\":\"https:\/\/madeleinezu.com\/wp-content\/uploads\/2021\/06\/logojpg.jpg\",\"contentUrl\":\"https:\/\/madeleinezu.com\/wp-content\/uploads\/2021\/06\/logojpg.jpg\",\"width\":156,\"height\":59,\"caption\":\"TENPAC\"},\"image\":{\"@id\":\"https:\/\/tenpac.fr\/#\/schema\/logo\/image\/\"}}]}<\/script>\n<!-- \/ Yoast SEO plugin. -->","yoast_head_json":{"title":"Housse transparente pour robe de mari\u00e9e - Tenpac","description":"Housses transparentes pour robes de mari\u00e9es \/ soir\u00e9e extra-longues.\u00a0En vinyle \u00e9pais, elles sont id\u00e9ales pour le transport de vos robes.","robots":{"index":"index","follow":"follow","max-snippet":"max-snippet:-1","max-image-preview":"max-image-preview:large","max-video-preview":"max-video-preview:-1"},"canonical":"https:\/\/tenpac.fr\/index.php\/produit\/housse-transparente-pour-robe-de-mariee\/","og_locale":"fr_FR","og_type":"article","og_title":"Housse transparente pour robe de mari\u00e9e - Tenpac","og_description":"Housses transparentes pour robes de mari\u00e9es \/ soir\u00e9e extra-longues.\u00a0En vinyle \u00e9pais, elles sont id\u00e9ales pour le transport de vos robes.","og_url":"https:\/\/tenpac.fr\/index.php\/produit\/housse-transparente-pour-robe-de-mariee\/","og_site_name":"Tenpac","article_modified_time":"2023-09-02T18:32:55+00:00","og_image":[{"width":457,"height":604,"url":"https:\/\/tenpac.fr\/wp-content\/uploads\/2021\/06\/V2011a.jpg","type":"image\/jpeg"}],"twitter_card":"summary_large_image","twitter_misc":{"Dur\u00e9e de lecture estim\u00e9e":"1 minute"},"schema":{"@context":"https:\/\/schema.org","@graph":[{"@type":"WebPage","@id":"https:\/\/tenpac.fr\/index.php\/produit\/housse-transparente-pour-robe-de-mariee\/","url":"https:\/\/tenpac.fr\/index.php\/produit\/housse-transparente-pour-robe-de-mariee\/","name":"Housse transparente pour robe de mari\u00e9e - Tenpac","isPartOf":{"@id":"https:\/\/tenpac.fr\/#website"},"primaryImageOfPage":{"@id":"https:\/\/tenpac.fr\/index.php\/produit\/housse-transparente-pour-robe-de-mariee\/#primaryimage"},"image":{"@id":"https:\/\/tenpac.fr\/index.php\/produit\/housse-transparente-pour-robe-de-mariee\/#primaryimage"},"thumbnailUrl":"https:\/\/tenpac.fr\/wp-content\/uploads\/2021\/06\/V2011a.jpg","datePublished":"2021-07-09T13:12:33+00:00","dateModified":"2023-09-02T18:32:55+00:00","description":"Housses transparentes pour robes de mari\u00e9es \/ soir\u00e9e extra-longues.\u00a0En vinyle \u00e9pais, elles sont id\u00e9ales pour le transport de vos robes.","breadcrumb":{"@id":"https:\/\/tenpac.fr\/index.php\/produit\/housse-transparente-pour-robe-de-mariee\/#breadcrumb"},"inLanguage":"fr-FR","potentialAction":[{"@type":"ReadAction","target":["https:\/\/tenpac.fr\/index.php\/produit\/housse-transparente-pour-robe-de-mariee\/"]}]},{"@type":"ImageObject","inLanguage":"fr-FR","@id":"https:\/\/tenpac.fr\/index.php\/produit\/housse-transparente-pour-robe-de-mariee\/#primaryimage","url":"https:\/\/tenpac.fr\/wp-content\/uploads\/2021\/06\/V2011a.jpg","contentUrl":"https:\/\/tenpac.fr\/wp-content\/uploads\/2021\/06\/V2011a.jpg","width":457,"height":604},{"@type":"BreadcrumbList","@id":"https:\/\/tenpac.fr\/index.php\/produit\/housse-transparente-pour-robe-de-mariee\/#breadcrumb","itemListElement":[{"@type":"ListItem","position":1,"name":"Accueil","item":"https:\/\/tenpac.fr\/"},{"@type":"ListItem","position":2,"name":"Shop","item":"https:\/\/tenpac.fr\/index.php\/shop\/"},{"@type":"ListItem","position":3,"name":"Housse transparente pour robe de mari\u00e9e"}]},{"@type":"WebSite","@id":"https:\/\/tenpac.fr\/#website","url":"https:\/\/tenpac.fr\/","name":"Tenpac","description":"Le sp\u00e9cialiste des housses de v\u00eatements","publisher":{"@id":"https:\/\/tenpac.fr\/#organization"},"potentialAction":[{"@type":"SearchAction","target":{"@type":"EntryPoint","urlTemplate":"https:\/\/tenpac.fr\/?s={search_term_string}"},"query-input":{"@type":"PropertyValueSpecification","valueRequired":true,"valueName":"search_term_string"}}],"inLanguage":"fr-FR"},{"@type":"Organization","@id":"https:\/\/tenpac.fr\/#organization","name":"TENPAC","url":"https:\/\/tenpac.fr\/","logo":{"@type":"ImageObject","inLanguage":"fr-FR","@id":"https:\/\/tenpac.fr\/#\/schema\/logo\/image\/","url":"https:\/\/madeleinezu.com\/wp-content\/uploads\/2021\/06\/logojpg.jpg","contentUrl":"https:\/\/madeleinezu.com\/wp-content\/uploads\/2021\/06\/logojpg.jpg","width":156,"height":59,"caption":"TENPAC"},"image":{"@id":"https:\/\/tenpac.fr\/#\/schema\/logo\/image\/"}}]}},"jetpack_sharing_enabled":true,"tiered_pricing_type":"fixed","tiered_pricing_fixed_rules":{"50":5.02,"100":4.77,"500":4.53},"tiered_pricing_product_settings":{"layout":"default","base_unit_name":{"singular":null,"plural":null},"default_variation":null},"tiered_pricing_minimum_quantity":null,"tiered_pricing_roles_data":[],"tiered_pricing_percentage_rules":[],"_links":{"self":[{"href":"https:\/\/tenpac.fr\/index.php\/wp-json\/wp\/v2\/product\/2848","targetHints":{"allow":["GET"]}}],"collection":[{"href":"https:\/\/tenpac.fr\/index.php\/wp-json\/wp\/v2\/product"}],"about":[{"href":"https:\/\/tenpac.fr\/index.php\/wp-json\/wp\/v2\/types\/product"}],"replies":[{"embeddable":true,"href":"https:\/\/tenpac.fr\/index.php\/wp-json\/wp\/v2\/comments?post=2848"}],"wp:featuredmedia":[{"embeddable":true,"href":"https:\/\/tenpac.fr\/index.php\/wp-json\/wp\/v2\/media\/2818"}],"wp:attachment":[{"href":"https:\/\/tenpac.fr\/index.php\/wp-json\/wp\/v2\/media?parent=2848"}],"wp:term":[{"taxonomy":"product_brand","embeddable":true,"href":"https:\/\/tenpac.fr\/index.php\/wp-json\/wp\/v2\/product_brand?post=2848"},{"taxonomy":"product_cat","embeddable":true,"href":"https:\/\/tenpac.fr\/index.php\/wp-json\/wp\/v2\/product_cat?post=2848"},{"taxonomy":"product_tag","embeddable":true,"href":"https:\/\/tenpac.fr\/index.php\/wp-json\/wp\/v2\/product_tag?post=2848"}],"curies":[{"name":"wp","href":"https:\/\/api.w.org\/{rel}","templated":true}]}}