{"id":2835,"date":"2021-07-02T15:31:32","date_gmt":"2021-07-02T13:31:32","guid":{"rendered":"https:\/\/madeleinezu.com\/?post_type=product&#038;p=2835"},"modified":"2021-07-09T14:54:19","modified_gmt":"2021-07-09T12:54:19","slug":"housse-de-transport-avec-poignees-coloris-marron","status":"publish","type":"product","link":"https:\/\/tenpac.fr\/index.php\/produit\/housse-de-transport-avec-poignees-coloris-marron\/","title":{"rendered":"Housse de transport avec poign\u00e9es coloris marron"},"content":{"rendered":"<p>Transportez facilement les costumes, chemises et habits. Nos housses de transport disposent de poign\u00e9es et de pochettes pour les accessoires \u00e9ventuels.<\/p>\n<p>Tarifs HT<\/p>\n<p>Stock permanent : exp\u00e9di\u00e9 sous 48h<\/p>\n<h3>Caract\u00e9ristiques techniques<\/h3>\n<ul>\n<li>Dimensions\u00a0: 63cm x 112cm<\/li>\n<li>Mati\u00e8re : PE imperm\u00e9able \u00e0 l\u2019ext\u00e9rieur + PP respirant sur l\u2019int\u00e9rieur<\/li>\n<li>Epaisseur\u00a0: PE 0.15mm + PP 50gm2<\/li>\n<li>Coloris : marron<\/li>\n<li>Opaque<\/li>\n<li>Fermeture \u00e9clair sur tout le contour du sac<\/li>\n<li>Ouverture cintres en haut pour suspendre facilement le contenu sans le sortir du sac<\/li>\n<\/ul>\n","protected":false},"excerpt":{"rendered":"<ul>\n<li>Dimensions\u00a0: 63cm x 112cm<\/li>\n<li>Mati\u00e8re : PE imperm\u00e9able \u00e0 l\u2019ext\u00e9rieur + PP respirant sur l\u2019int\u00e9rieur<\/li>\n<li>Coloris : marron<\/li>\n<li>Opaque<\/li>\n<\/ul>\n","protected":false},"featured_media":2811,"comment_status":"open","ping_status":"closed","template":"","meta":[],"product_brand":[],"product_cat":[44],"product_tag":[],"class_list":{"0":"post-2835","1":"product","2":"type-product","3":"status-publish","4":"has-post-thumbnail","6":"product_cat-housses-de-voyage","8":"first","9":"instock","10":"taxable","11":"shipping-taxable","12":"purchasable","13":"product-type-simple"},"yoast_head":"<!-- This site is optimized with the Yoast SEO plugin v26.7 - https:\/\/yoast.com\/wordpress\/plugins\/seo\/ -->\n<title>Housse de transport avec poign\u00e9es coloris marron - Tenpac<\/title>\n<meta name=\"description\" content=\"D\u00e9couvrez notre gamme de housse de transport avec poign\u00e9es pour costumes, v\u00eatements... Tenpac, marque fran\u00e7aise.\" \/>\n<meta name=\"robots\" content=\"index, follow, max-snippet:-1, max-image-preview:large, max-video-preview:-1\" \/>\n<link rel=\"canonical\" href=\"https:\/\/tenpac.fr\/index.php\/produit\/housse-de-transport-avec-poignees-coloris-marron\/\" \/>\n<meta property=\"og:locale\" content=\"fr_FR\" \/>\n<meta property=\"og:type\" content=\"article\" \/>\n<meta property=\"og:title\" content=\"Housse de transport avec poign\u00e9es coloris marron - Tenpac\" \/>\n<meta property=\"og:description\" content=\"D\u00e9couvrez notre gamme de housse de transport avec poign\u00e9es pour costumes, v\u00eatements... Tenpac, marque fran\u00e7aise.\" \/>\n<meta property=\"og:url\" content=\"https:\/\/tenpac.fr\/index.php\/produit\/housse-de-transport-avec-poignees-coloris-marron\/\" \/>\n<meta property=\"og:site_name\" content=\"Tenpac\" \/>\n<meta property=\"article:modified_time\" content=\"2021-07-09T12:54:19+00:00\" \/>\n<meta property=\"og:image\" content=\"https:\/\/tenpac.fr\/wp-content\/uploads\/2021\/06\/travel91.png\" \/>\n\t<meta property=\"og:image:width\" content=\"1271\" \/>\n\t<meta property=\"og:image:height\" content=\"1181\" \/>\n\t<meta property=\"og:image:type\" content=\"image\/png\" \/>\n<meta name=\"twitter:card\" content=\"summary_large_image\" \/>\n<meta name=\"twitter:label1\" content=\"Dur\u00e9e de lecture estim\u00e9e\" \/>\n\t<meta name=\"twitter:data1\" content=\"1 minute\" \/>\n<script type=\"application\/ld+json\" class=\"yoast-schema-graph\">{\"@context\":\"https:\/\/schema.org\",\"@graph\":[{\"@type\":\"WebPage\",\"@id\":\"https:\/\/tenpac.fr\/index.php\/produit\/housse-de-transport-avec-poignees-coloris-marron\/\",\"url\":\"https:\/\/tenpac.fr\/index.php\/produit\/housse-de-transport-avec-poignees-coloris-marron\/\",\"name\":\"Housse de transport avec poign\u00e9es coloris marron - Tenpac\",\"isPartOf\":{\"@id\":\"https:\/\/tenpac.fr\/#website\"},\"primaryImageOfPage\":{\"@id\":\"https:\/\/tenpac.fr\/index.php\/produit\/housse-de-transport-avec-poignees-coloris-marron\/#primaryimage\"},\"image\":{\"@id\":\"https:\/\/tenpac.fr\/index.php\/produit\/housse-de-transport-avec-poignees-coloris-marron\/#primaryimage\"},\"thumbnailUrl\":\"https:\/\/tenpac.fr\/wp-content\/uploads\/2021\/06\/travel91.png\",\"datePublished\":\"2021-07-02T13:31:32+00:00\",\"dateModified\":\"2021-07-09T12:54:19+00:00\",\"description\":\"D\u00e9couvrez notre gamme de housse de transport avec poign\u00e9es pour costumes, v\u00eatements... Tenpac, marque fran\u00e7aise.\",\"breadcrumb\":{\"@id\":\"https:\/\/tenpac.fr\/index.php\/produit\/housse-de-transport-avec-poignees-coloris-marron\/#breadcrumb\"},\"inLanguage\":\"fr-FR\",\"potentialAction\":[{\"@type\":\"ReadAction\",\"target\":[\"https:\/\/tenpac.fr\/index.php\/produit\/housse-de-transport-avec-poignees-coloris-marron\/\"]}]},{\"@type\":\"ImageObject\",\"inLanguage\":\"fr-FR\",\"@id\":\"https:\/\/tenpac.fr\/index.php\/produit\/housse-de-transport-avec-poignees-coloris-marron\/#primaryimage\",\"url\":\"https:\/\/tenpac.fr\/wp-content\/uploads\/2021\/06\/travel91.png\",\"contentUrl\":\"https:\/\/tenpac.fr\/wp-content\/uploads\/2021\/06\/travel91.png\",\"width\":1271,\"height\":1181},{\"@type\":\"BreadcrumbList\",\"@id\":\"https:\/\/tenpac.fr\/index.php\/produit\/housse-de-transport-avec-poignees-coloris-marron\/#breadcrumb\",\"itemListElement\":[{\"@type\":\"ListItem\",\"position\":1,\"name\":\"Accueil\",\"item\":\"https:\/\/tenpac.fr\/\"},{\"@type\":\"ListItem\",\"position\":2,\"name\":\"Shop\",\"item\":\"https:\/\/tenpac.fr\/index.php\/shop\/\"},{\"@type\":\"ListItem\",\"position\":3,\"name\":\"Housse de transport avec poign\u00e9es coloris marron\"}]},{\"@type\":\"WebSite\",\"@id\":\"https:\/\/tenpac.fr\/#website\",\"url\":\"https:\/\/tenpac.fr\/\",\"name\":\"Tenpac\",\"description\":\"Le sp\u00e9cialiste des housses de v\u00eatements\",\"publisher\":{\"@id\":\"https:\/\/tenpac.fr\/#organization\"},\"potentialAction\":[{\"@type\":\"SearchAction\",\"target\":{\"@type\":\"EntryPoint\",\"urlTemplate\":\"https:\/\/tenpac.fr\/?s={search_term_string}\"},\"query-input\":{\"@type\":\"PropertyValueSpecification\",\"valueRequired\":true,\"valueName\":\"search_term_string\"}}],\"inLanguage\":\"fr-FR\"},{\"@type\":\"Organization\",\"@id\":\"https:\/\/tenpac.fr\/#organization\",\"name\":\"TENPAC\",\"url\":\"https:\/\/tenpac.fr\/\",\"logo\":{\"@type\":\"ImageObject\",\"inLanguage\":\"fr-FR\",\"@id\":\"https:\/\/tenpac.fr\/#\/schema\/logo\/image\/\",\"url\":\"https:\/\/madeleinezu.com\/wp-content\/uploads\/2021\/06\/logojpg.jpg\",\"contentUrl\":\"https:\/\/madeleinezu.com\/wp-content\/uploads\/2021\/06\/logojpg.jpg\",\"width\":156,\"height\":59,\"caption\":\"TENPAC\"},\"image\":{\"@id\":\"https:\/\/tenpac.fr\/#\/schema\/logo\/image\/\"}}]}<\/script>\n<!-- \/ Yoast SEO plugin. -->","yoast_head_json":{"title":"Housse de transport avec poign\u00e9es coloris marron - Tenpac","description":"D\u00e9couvrez notre gamme de housse de transport avec poign\u00e9es pour costumes, v\u00eatements... Tenpac, marque fran\u00e7aise.","robots":{"index":"index","follow":"follow","max-snippet":"max-snippet:-1","max-image-preview":"max-image-preview:large","max-video-preview":"max-video-preview:-1"},"canonical":"https:\/\/tenpac.fr\/index.php\/produit\/housse-de-transport-avec-poignees-coloris-marron\/","og_locale":"fr_FR","og_type":"article","og_title":"Housse de transport avec poign\u00e9es coloris marron - Tenpac","og_description":"D\u00e9couvrez notre gamme de housse de transport avec poign\u00e9es pour costumes, v\u00eatements... Tenpac, marque fran\u00e7aise.","og_url":"https:\/\/tenpac.fr\/index.php\/produit\/housse-de-transport-avec-poignees-coloris-marron\/","og_site_name":"Tenpac","article_modified_time":"2021-07-09T12:54:19+00:00","og_image":[{"width":1271,"height":1181,"url":"https:\/\/tenpac.fr\/wp-content\/uploads\/2021\/06\/travel91.png","type":"image\/png"}],"twitter_card":"summary_large_image","twitter_misc":{"Dur\u00e9e de lecture estim\u00e9e":"1 minute"},"schema":{"@context":"https:\/\/schema.org","@graph":[{"@type":"WebPage","@id":"https:\/\/tenpac.fr\/index.php\/produit\/housse-de-transport-avec-poignees-coloris-marron\/","url":"https:\/\/tenpac.fr\/index.php\/produit\/housse-de-transport-avec-poignees-coloris-marron\/","name":"Housse de transport avec poign\u00e9es coloris marron - Tenpac","isPartOf":{"@id":"https:\/\/tenpac.fr\/#website"},"primaryImageOfPage":{"@id":"https:\/\/tenpac.fr\/index.php\/produit\/housse-de-transport-avec-poignees-coloris-marron\/#primaryimage"},"image":{"@id":"https:\/\/tenpac.fr\/index.php\/produit\/housse-de-transport-avec-poignees-coloris-marron\/#primaryimage"},"thumbnailUrl":"https:\/\/tenpac.fr\/wp-content\/uploads\/2021\/06\/travel91.png","datePublished":"2021-07-02T13:31:32+00:00","dateModified":"2021-07-09T12:54:19+00:00","description":"D\u00e9couvrez notre gamme de housse de transport avec poign\u00e9es pour costumes, v\u00eatements... Tenpac, marque fran\u00e7aise.","breadcrumb":{"@id":"https:\/\/tenpac.fr\/index.php\/produit\/housse-de-transport-avec-poignees-coloris-marron\/#breadcrumb"},"inLanguage":"fr-FR","potentialAction":[{"@type":"ReadAction","target":["https:\/\/tenpac.fr\/index.php\/produit\/housse-de-transport-avec-poignees-coloris-marron\/"]}]},{"@type":"ImageObject","inLanguage":"fr-FR","@id":"https:\/\/tenpac.fr\/index.php\/produit\/housse-de-transport-avec-poignees-coloris-marron\/#primaryimage","url":"https:\/\/tenpac.fr\/wp-content\/uploads\/2021\/06\/travel91.png","contentUrl":"https:\/\/tenpac.fr\/wp-content\/uploads\/2021\/06\/travel91.png","width":1271,"height":1181},{"@type":"BreadcrumbList","@id":"https:\/\/tenpac.fr\/index.php\/produit\/housse-de-transport-avec-poignees-coloris-marron\/#breadcrumb","itemListElement":[{"@type":"ListItem","position":1,"name":"Accueil","item":"https:\/\/tenpac.fr\/"},{"@type":"ListItem","position":2,"name":"Shop","item":"https:\/\/tenpac.fr\/index.php\/shop\/"},{"@type":"ListItem","position":3,"name":"Housse de transport avec poign\u00e9es coloris marron"}]},{"@type":"WebSite","@id":"https:\/\/tenpac.fr\/#website","url":"https:\/\/tenpac.fr\/","name":"Tenpac","description":"Le sp\u00e9cialiste des housses de v\u00eatements","publisher":{"@id":"https:\/\/tenpac.fr\/#organization"},"potentialAction":[{"@type":"SearchAction","target":{"@type":"EntryPoint","urlTemplate":"https:\/\/tenpac.fr\/?s={search_term_string}"},"query-input":{"@type":"PropertyValueSpecification","valueRequired":true,"valueName":"search_term_string"}}],"inLanguage":"fr-FR"},{"@type":"Organization","@id":"https:\/\/tenpac.fr\/#organization","name":"TENPAC","url":"https:\/\/tenpac.fr\/","logo":{"@type":"ImageObject","inLanguage":"fr-FR","@id":"https:\/\/tenpac.fr\/#\/schema\/logo\/image\/","url":"https:\/\/madeleinezu.com\/wp-content\/uploads\/2021\/06\/logojpg.jpg","contentUrl":"https:\/\/madeleinezu.com\/wp-content\/uploads\/2021\/06\/logojpg.jpg","width":156,"height":59,"caption":"TENPAC"},"image":{"@id":"https:\/\/tenpac.fr\/#\/schema\/logo\/image\/"}}]}},"jetpack_sharing_enabled":true,"tiered_pricing_type":"fixed","tiered_pricing_fixed_rules":{"10":3.65,"50":3.57,"100":3.48},"tiered_pricing_product_settings":{"layout":"default","base_unit_name":{"singular":null,"plural":null},"default_variation":null},"tiered_pricing_minimum_quantity":null,"tiered_pricing_roles_data":[],"tiered_pricing_percentage_rules":[],"_links":{"self":[{"href":"https:\/\/tenpac.fr\/index.php\/wp-json\/wp\/v2\/product\/2835","targetHints":{"allow":["GET"]}}],"collection":[{"href":"https:\/\/tenpac.fr\/index.php\/wp-json\/wp\/v2\/product"}],"about":[{"href":"https:\/\/tenpac.fr\/index.php\/wp-json\/wp\/v2\/types\/product"}],"replies":[{"embeddable":true,"href":"https:\/\/tenpac.fr\/index.php\/wp-json\/wp\/v2\/comments?post=2835"}],"wp:featuredmedia":[{"embeddable":true,"href":"https:\/\/tenpac.fr\/index.php\/wp-json\/wp\/v2\/media\/2811"}],"wp:attachment":[{"href":"https:\/\/tenpac.fr\/index.php\/wp-json\/wp\/v2\/media?parent=2835"}],"wp:term":[{"taxonomy":"product_brand","embeddable":true,"href":"https:\/\/tenpac.fr\/index.php\/wp-json\/wp\/v2\/product_brand?post=2835"},{"taxonomy":"product_cat","embeddable":true,"href":"https:\/\/tenpac.fr\/index.php\/wp-json\/wp\/v2\/product_cat?post=2835"},{"taxonomy":"product_tag","embeddable":true,"href":"https:\/\/tenpac.fr\/index.php\/wp-json\/wp\/v2\/product_tag?post=2835"}],"curies":[{"name":"wp","href":"https:\/\/api.w.org\/{rel}","templated":true}]}}