{"id":2831,"date":"2021-06-30T19:33:55","date_gmt":"2021-06-30T17:33:55","guid":{"rendered":"https:\/\/madeleinezu.com\/?post_type=product&#038;p=2831"},"modified":"2026-04-10T17:20:10","modified_gmt":"2026-04-10T15:20:10","slug":"housse-longue-respirante-robe-de-mariee-avec-soufflet-blanc","status":"publish","type":"product","link":"https:\/\/tenpac.fr\/index.php\/produit\/housse-longue-respirante-robe-de-mariee-avec-soufflet-blanc\/","title":{"rendered":"Housse longue respirante robe de mari\u00e9e avec soufflet blanc"},"content":{"rendered":"<p>Housses pour robes de mari\u00e9es extra-longues en mati\u00e8re respirante id\u00e9ales pour la conservation des robes longues.<\/p>\n<p>Elles sont l\u00e9g\u00e8res et \u00e9l\u00e9gantes (aspect nid d&rsquo;abeilles) et disponibles dans diff\u00e9rents coloris.<\/p>\n<p>Tarifs HT<\/p>\n<p>Stock permanent : exp\u00e9di\u00e9 sous 48h<\/p>\n<h3>Caract\u00e9ristiques techniques<\/h3>\n<ul>\n<li style=\"list-style-type: none;\"><\/li>\n<li>Dimensions : 183 x 66 cm + soufflet lat\u00e9ral de 25cm (\u00e9vite l&rsquo;\u00e9crasement de la robe)<\/li>\n<li>Format extra-long : robes de mari\u00e9es, de soir\u00e9e&#8230;<\/li>\n<li>Mati\u00e8re : intiss\u00e9<\/li>\n<li>Coloris : blanc<\/li>\n<li>Opaque<\/li>\n<li>Fermeture \u00e9clair sur toute la hauteur<\/li>\n<li>Fen\u00eatre porte-carte sur le devant<\/li>\n<li>Ouverture cintre en haut<\/li>\n<li>Syst\u00e8me de repli int\u00e9gr\u00e9 pour un transport facile de la robe<\/li>\n<\/ul>\n","protected":false},"excerpt":{"rendered":"<ul>\n<li>Dimensions : 183 x 66 cm + soufflet 25cm<\/li>\n<li>Format extra-long : robes de mari\u00e9es, de soir\u00e9e&#8230;<\/li>\n<li>Mati\u00e8re : intiss\u00e9<\/li>\n<li>Coloris : blanc<\/li>\n<li>Opaque<\/li>\n<li>Fermeture \u00e9clair sur toute la hauteur<\/li>\n<\/ul>\n","protected":false},"featured_media":2833,"comment_status":"open","ping_status":"closed","template":"","meta":[],"product_brand":[],"product_cat":[49],"product_tag":[],"class_list":{"0":"post-2831","1":"product","2":"type-product","3":"status-publish","4":"has-post-thumbnail","6":"product_cat-housses-robes-de-mariees","8":"first","9":"instock","10":"taxable","11":"shipping-taxable","12":"purchasable","13":"product-type-simple"},"yoast_head":"<!-- This site is optimized with the Yoast SEO plugin v26.7 - https:\/\/yoast.com\/wordpress\/plugins\/seo\/ -->\n<title>Housse longue respirante robe de mari\u00e9e avec soufflet blanc - Tenpac<\/title>\n<meta name=\"description\" content=\"D\u00e9couvrez nos housses pour robes de mari\u00e9es en mati\u00e8re respirante, id\u00e9ale pour la conservation des textiles. Visitez notre boutique.\" \/>\n<meta name=\"robots\" content=\"index, follow, max-snippet:-1, max-image-preview:large, max-video-preview:-1\" \/>\n<link rel=\"canonical\" href=\"https:\/\/tenpac.fr\/index.php\/produit\/housse-longue-respirante-robe-de-mariee-avec-soufflet-blanc\/\" \/>\n<meta property=\"og:locale\" content=\"fr_FR\" \/>\n<meta property=\"og:type\" content=\"article\" \/>\n<meta property=\"og:title\" content=\"Housse longue respirante robe de mari\u00e9e avec soufflet blanc - Tenpac\" \/>\n<meta property=\"og:description\" content=\"D\u00e9couvrez nos housses pour robes de mari\u00e9es en mati\u00e8re respirante, id\u00e9ale pour la conservation des textiles. Visitez notre boutique.\" \/>\n<meta property=\"og:url\" content=\"https:\/\/tenpac.fr\/index.php\/produit\/housse-longue-respirante-robe-de-mariee-avec-soufflet-blanc\/\" \/>\n<meta property=\"og:site_name\" content=\"Tenpac\" \/>\n<meta property=\"article:modified_time\" content=\"2026-04-10T15:20:10+00:00\" \/>\n<meta property=\"og:image\" content=\"https:\/\/tenpac.fr\/wp-content\/uploads\/2021\/06\/V2003_BL.jpg\" \/>\n\t<meta property=\"og:image:width\" content=\"656\" \/>\n\t<meta property=\"og:image:height\" content=\"478\" \/>\n\t<meta property=\"og:image:type\" content=\"image\/jpeg\" \/>\n<meta name=\"twitter:card\" content=\"summary_large_image\" \/>\n<meta name=\"twitter:label1\" content=\"Dur\u00e9e de lecture estim\u00e9e\" \/>\n\t<meta name=\"twitter:data1\" content=\"1 minute\" \/>\n<script type=\"application\/ld+json\" class=\"yoast-schema-graph\">{\"@context\":\"https:\/\/schema.org\",\"@graph\":[{\"@type\":\"WebPage\",\"@id\":\"https:\/\/tenpac.fr\/index.php\/produit\/housse-longue-respirante-robe-de-mariee-avec-soufflet-blanc\/\",\"url\":\"https:\/\/tenpac.fr\/index.php\/produit\/housse-longue-respirante-robe-de-mariee-avec-soufflet-blanc\/\",\"name\":\"Housse longue respirante robe de mari\u00e9e avec soufflet blanc - Tenpac\",\"isPartOf\":{\"@id\":\"https:\/\/tenpac.fr\/#website\"},\"primaryImageOfPage\":{\"@id\":\"https:\/\/tenpac.fr\/index.php\/produit\/housse-longue-respirante-robe-de-mariee-avec-soufflet-blanc\/#primaryimage\"},\"image\":{\"@id\":\"https:\/\/tenpac.fr\/index.php\/produit\/housse-longue-respirante-robe-de-mariee-avec-soufflet-blanc\/#primaryimage\"},\"thumbnailUrl\":\"https:\/\/tenpac.fr\/wp-content\/uploads\/2021\/06\/V2003_BL.jpg\",\"datePublished\":\"2021-06-30T17:33:55+00:00\",\"dateModified\":\"2026-04-10T15:20:10+00:00\",\"description\":\"D\u00e9couvrez nos housses pour robes de mari\u00e9es en mati\u00e8re respirante, id\u00e9ale pour la conservation des textiles. Visitez notre boutique.\",\"breadcrumb\":{\"@id\":\"https:\/\/tenpac.fr\/index.php\/produit\/housse-longue-respirante-robe-de-mariee-avec-soufflet-blanc\/#breadcrumb\"},\"inLanguage\":\"fr-FR\",\"potentialAction\":[{\"@type\":\"ReadAction\",\"target\":[\"https:\/\/tenpac.fr\/index.php\/produit\/housse-longue-respirante-robe-de-mariee-avec-soufflet-blanc\/\"]}]},{\"@type\":\"ImageObject\",\"inLanguage\":\"fr-FR\",\"@id\":\"https:\/\/tenpac.fr\/index.php\/produit\/housse-longue-respirante-robe-de-mariee-avec-soufflet-blanc\/#primaryimage\",\"url\":\"https:\/\/tenpac.fr\/wp-content\/uploads\/2021\/06\/V2003_BL.jpg\",\"contentUrl\":\"https:\/\/tenpac.fr\/wp-content\/uploads\/2021\/06\/V2003_BL.jpg\",\"width\":656,\"height\":478},{\"@type\":\"BreadcrumbList\",\"@id\":\"https:\/\/tenpac.fr\/index.php\/produit\/housse-longue-respirante-robe-de-mariee-avec-soufflet-blanc\/#breadcrumb\",\"itemListElement\":[{\"@type\":\"ListItem\",\"position\":1,\"name\":\"Accueil\",\"item\":\"https:\/\/tenpac.fr\/\"},{\"@type\":\"ListItem\",\"position\":2,\"name\":\"Shop\",\"item\":\"https:\/\/tenpac.fr\/index.php\/shop\/\"},{\"@type\":\"ListItem\",\"position\":3,\"name\":\"Housse longue respirante robe de mari\u00e9e avec soufflet blanc\"}]},{\"@type\":\"WebSite\",\"@id\":\"https:\/\/tenpac.fr\/#website\",\"url\":\"https:\/\/tenpac.fr\/\",\"name\":\"Tenpac\",\"description\":\"Le sp\u00e9cialiste des housses de v\u00eatements\",\"publisher\":{\"@id\":\"https:\/\/tenpac.fr\/#organization\"},\"potentialAction\":[{\"@type\":\"SearchAction\",\"target\":{\"@type\":\"EntryPoint\",\"urlTemplate\":\"https:\/\/tenpac.fr\/?s={search_term_string}\"},\"query-input\":{\"@type\":\"PropertyValueSpecification\",\"valueRequired\":true,\"valueName\":\"search_term_string\"}}],\"inLanguage\":\"fr-FR\"},{\"@type\":\"Organization\",\"@id\":\"https:\/\/tenpac.fr\/#organization\",\"name\":\"TENPAC\",\"url\":\"https:\/\/tenpac.fr\/\",\"logo\":{\"@type\":\"ImageObject\",\"inLanguage\":\"fr-FR\",\"@id\":\"https:\/\/tenpac.fr\/#\/schema\/logo\/image\/\",\"url\":\"https:\/\/madeleinezu.com\/wp-content\/uploads\/2021\/06\/logojpg.jpg\",\"contentUrl\":\"https:\/\/madeleinezu.com\/wp-content\/uploads\/2021\/06\/logojpg.jpg\",\"width\":156,\"height\":59,\"caption\":\"TENPAC\"},\"image\":{\"@id\":\"https:\/\/tenpac.fr\/#\/schema\/logo\/image\/\"}}]}<\/script>\n<!-- \/ Yoast SEO plugin. -->","yoast_head_json":{"title":"Housse longue respirante robe de mari\u00e9e avec soufflet blanc - Tenpac","description":"D\u00e9couvrez nos housses pour robes de mari\u00e9es en mati\u00e8re respirante, id\u00e9ale pour la conservation des textiles. Visitez notre boutique.","robots":{"index":"index","follow":"follow","max-snippet":"max-snippet:-1","max-image-preview":"max-image-preview:large","max-video-preview":"max-video-preview:-1"},"canonical":"https:\/\/tenpac.fr\/index.php\/produit\/housse-longue-respirante-robe-de-mariee-avec-soufflet-blanc\/","og_locale":"fr_FR","og_type":"article","og_title":"Housse longue respirante robe de mari\u00e9e avec soufflet blanc - Tenpac","og_description":"D\u00e9couvrez nos housses pour robes de mari\u00e9es en mati\u00e8re respirante, id\u00e9ale pour la conservation des textiles. Visitez notre boutique.","og_url":"https:\/\/tenpac.fr\/index.php\/produit\/housse-longue-respirante-robe-de-mariee-avec-soufflet-blanc\/","og_site_name":"Tenpac","article_modified_time":"2026-04-10T15:20:10+00:00","og_image":[{"width":656,"height":478,"url":"https:\/\/tenpac.fr\/wp-content\/uploads\/2021\/06\/V2003_BL.jpg","type":"image\/jpeg"}],"twitter_card":"summary_large_image","twitter_misc":{"Dur\u00e9e de lecture estim\u00e9e":"1 minute"},"schema":{"@context":"https:\/\/schema.org","@graph":[{"@type":"WebPage","@id":"https:\/\/tenpac.fr\/index.php\/produit\/housse-longue-respirante-robe-de-mariee-avec-soufflet-blanc\/","url":"https:\/\/tenpac.fr\/index.php\/produit\/housse-longue-respirante-robe-de-mariee-avec-soufflet-blanc\/","name":"Housse longue respirante robe de mari\u00e9e avec soufflet blanc - Tenpac","isPartOf":{"@id":"https:\/\/tenpac.fr\/#website"},"primaryImageOfPage":{"@id":"https:\/\/tenpac.fr\/index.php\/produit\/housse-longue-respirante-robe-de-mariee-avec-soufflet-blanc\/#primaryimage"},"image":{"@id":"https:\/\/tenpac.fr\/index.php\/produit\/housse-longue-respirante-robe-de-mariee-avec-soufflet-blanc\/#primaryimage"},"thumbnailUrl":"https:\/\/tenpac.fr\/wp-content\/uploads\/2021\/06\/V2003_BL.jpg","datePublished":"2021-06-30T17:33:55+00:00","dateModified":"2026-04-10T15:20:10+00:00","description":"D\u00e9couvrez nos housses pour robes de mari\u00e9es en mati\u00e8re respirante, id\u00e9ale pour la conservation des textiles. Visitez notre boutique.","breadcrumb":{"@id":"https:\/\/tenpac.fr\/index.php\/produit\/housse-longue-respirante-robe-de-mariee-avec-soufflet-blanc\/#breadcrumb"},"inLanguage":"fr-FR","potentialAction":[{"@type":"ReadAction","target":["https:\/\/tenpac.fr\/index.php\/produit\/housse-longue-respirante-robe-de-mariee-avec-soufflet-blanc\/"]}]},{"@type":"ImageObject","inLanguage":"fr-FR","@id":"https:\/\/tenpac.fr\/index.php\/produit\/housse-longue-respirante-robe-de-mariee-avec-soufflet-blanc\/#primaryimage","url":"https:\/\/tenpac.fr\/wp-content\/uploads\/2021\/06\/V2003_BL.jpg","contentUrl":"https:\/\/tenpac.fr\/wp-content\/uploads\/2021\/06\/V2003_BL.jpg","width":656,"height":478},{"@type":"BreadcrumbList","@id":"https:\/\/tenpac.fr\/index.php\/produit\/housse-longue-respirante-robe-de-mariee-avec-soufflet-blanc\/#breadcrumb","itemListElement":[{"@type":"ListItem","position":1,"name":"Accueil","item":"https:\/\/tenpac.fr\/"},{"@type":"ListItem","position":2,"name":"Shop","item":"https:\/\/tenpac.fr\/index.php\/shop\/"},{"@type":"ListItem","position":3,"name":"Housse longue respirante robe de mari\u00e9e avec soufflet blanc"}]},{"@type":"WebSite","@id":"https:\/\/tenpac.fr\/#website","url":"https:\/\/tenpac.fr\/","name":"Tenpac","description":"Le sp\u00e9cialiste des housses de v\u00eatements","publisher":{"@id":"https:\/\/tenpac.fr\/#organization"},"potentialAction":[{"@type":"SearchAction","target":{"@type":"EntryPoint","urlTemplate":"https:\/\/tenpac.fr\/?s={search_term_string}"},"query-input":{"@type":"PropertyValueSpecification","valueRequired":true,"valueName":"search_term_string"}}],"inLanguage":"fr-FR"},{"@type":"Organization","@id":"https:\/\/tenpac.fr\/#organization","name":"TENPAC","url":"https:\/\/tenpac.fr\/","logo":{"@type":"ImageObject","inLanguage":"fr-FR","@id":"https:\/\/tenpac.fr\/#\/schema\/logo\/image\/","url":"https:\/\/madeleinezu.com\/wp-content\/uploads\/2021\/06\/logojpg.jpg","contentUrl":"https:\/\/madeleinezu.com\/wp-content\/uploads\/2021\/06\/logojpg.jpg","width":156,"height":59,"caption":"TENPAC"},"image":{"@id":"https:\/\/tenpac.fr\/#\/schema\/logo\/image\/"}}]}},"jetpack_sharing_enabled":true,"tiered_pricing_type":"fixed","tiered_pricing_fixed_rules":{"50":5.85,"100":5.66,"500":5.42},"tiered_pricing_product_settings":{"layout":"default","base_unit_name":{"singular":null,"plural":null},"default_variation":null},"tiered_pricing_minimum_quantity":null,"tiered_pricing_roles_data":[],"tiered_pricing_percentage_rules":[],"_links":{"self":[{"href":"https:\/\/tenpac.fr\/index.php\/wp-json\/wp\/v2\/product\/2831","targetHints":{"allow":["GET"]}}],"collection":[{"href":"https:\/\/tenpac.fr\/index.php\/wp-json\/wp\/v2\/product"}],"about":[{"href":"https:\/\/tenpac.fr\/index.php\/wp-json\/wp\/v2\/types\/product"}],"replies":[{"embeddable":true,"href":"https:\/\/tenpac.fr\/index.php\/wp-json\/wp\/v2\/comments?post=2831"}],"wp:featuredmedia":[{"embeddable":true,"href":"https:\/\/tenpac.fr\/index.php\/wp-json\/wp\/v2\/media\/2833"}],"wp:attachment":[{"href":"https:\/\/tenpac.fr\/index.php\/wp-json\/wp\/v2\/media?parent=2831"}],"wp:term":[{"taxonomy":"product_brand","embeddable":true,"href":"https:\/\/tenpac.fr\/index.php\/wp-json\/wp\/v2\/product_brand?post=2831"},{"taxonomy":"product_cat","embeddable":true,"href":"https:\/\/tenpac.fr\/index.php\/wp-json\/wp\/v2\/product_cat?post=2831"},{"taxonomy":"product_tag","embeddable":true,"href":"https:\/\/tenpac.fr\/index.php\/wp-json\/wp\/v2\/product_tag?post=2831"}],"curies":[{"name":"wp","href":"https:\/\/api.w.org\/{rel}","templated":true}]}}