{"id":2796,"date":"2021-06-29T18:35:33","date_gmt":"2021-06-29T16:35:33","guid":{"rendered":"https:\/\/madeleinezu.com\/?post_type=product&#038;p=2796"},"modified":"2023-05-01T21:49:56","modified_gmt":"2023-05-01T19:49:56","slug":"housse-pour-plusieurs-vetements-format-long-noir","status":"publish","type":"product","link":"https:\/\/tenpac.fr\/index.php\/produit\/housse-pour-plusieurs-vetements-format-long-noir\/","title":{"rendered":"Housse pour plusieurs v\u00eatements format long noir"},"content":{"rendered":"<p>Transportez vos chemises et habits facilement. Nos housses disposent d&rsquo;un large soufflet lat\u00e9ral pour la protection de plusieurs habits.<\/p>\n<p>Tarifs HT<\/p>\n<p>Stock permanent : exp\u00e9di\u00e9 sous 48h<\/p>\n<h3>Caract\u00e9ristiques techniques<\/h3>\n<ul>\n<li style=\"list-style-type: none;\"><\/li>\n<li>Dimensions : 137 x 63 cm + soufflet 13 cm<\/li>\n<li>Format long : robes, manteaux&#8230;<\/li>\n<li>Mati\u00e8re : nylon<\/li>\n<li>Coloris : noir<\/li>\n<li>Opaque<\/li>\n<li>Fermeture \u00e9clair sur toute la hauteur<\/li>\n<li>Ouverture cintres en haut<\/li>\n<\/ul>\n","protected":false},"excerpt":{"rendered":"<ul>\n<li>Dimensions : 137 x 63cm + soufflet 13cm<\/li>\n<li>Mati\u00e8re : nylon<\/li>\n<li>Opaque<\/li>\n<li>Fermeture \u00e9clair sur toute la hauteur<\/li>\n<\/ul>\n","protected":false},"featured_media":2793,"comment_status":"open","ping_status":"closed","template":"","meta":[],"product_brand":[],"product_cat":[53,47],"product_tag":[],"class_list":{"0":"post-2796","1":"product","2":"type-product","3":"status-publish","4":"has-post-thumbnail","6":"product_cat-housses-vetements","7":"product_cat-housses-pour-plusieurs-vetements","9":"first","10":"instock","11":"taxable","12":"shipping-taxable","13":"purchasable","14":"product-type-simple"},"yoast_head":"<!-- This site is optimized with the Yoast SEO plugin v26.7 - https:\/\/yoast.com\/wordpress\/plugins\/seo\/ -->\n<title>Housse pour plusieurs v\u00eatements format long noir - Tenpac<\/title>\n<meta name=\"robots\" content=\"index, follow, max-snippet:-1, max-image-preview:large, max-video-preview:-1\" \/>\n<link rel=\"canonical\" href=\"https:\/\/tenpac.fr\/index.php\/produit\/housse-pour-plusieurs-vetements-format-long-noir\/\" \/>\n<meta property=\"og:locale\" content=\"fr_FR\" \/>\n<meta property=\"og:type\" content=\"article\" \/>\n<meta property=\"og:title\" content=\"Housse pour plusieurs v\u00eatements format long noir - Tenpac\" \/>\n<meta property=\"og:description\" content=\"Dimensions : 137 x 63cm + soufflet 13cm  Mati\u00e8re : nylon  Opaque  Fermeture \u00e9clair sur toute la hauteur\" \/>\n<meta property=\"og:url\" content=\"https:\/\/tenpac.fr\/index.php\/produit\/housse-pour-plusieurs-vetements-format-long-noir\/\" \/>\n<meta property=\"og:site_name\" content=\"Tenpac\" \/>\n<meta property=\"article:modified_time\" content=\"2023-05-01T19:49:56+00:00\" \/>\n<meta property=\"og:image\" content=\"https:\/\/tenpac.fr\/wp-content\/uploads\/2021\/06\/V2025NOa.jpg\" \/>\n\t<meta property=\"og:image:width\" content=\"211\" \/>\n\t<meta property=\"og:image:height\" content=\"426\" \/>\n\t<meta property=\"og:image:type\" content=\"image\/jpeg\" \/>\n<meta name=\"twitter:card\" content=\"summary_large_image\" \/>\n<meta name=\"twitter:label1\" content=\"Dur\u00e9e de lecture estim\u00e9e\" \/>\n\t<meta name=\"twitter:data1\" content=\"1 minute\" \/>\n<script type=\"application\/ld+json\" class=\"yoast-schema-graph\">{\"@context\":\"https:\/\/schema.org\",\"@graph\":[{\"@type\":\"WebPage\",\"@id\":\"https:\/\/tenpac.fr\/index.php\/produit\/housse-pour-plusieurs-vetements-format-long-noir\/\",\"url\":\"https:\/\/tenpac.fr\/index.php\/produit\/housse-pour-plusieurs-vetements-format-long-noir\/\",\"name\":\"Housse pour plusieurs v\u00eatements format long noir - Tenpac\",\"isPartOf\":{\"@id\":\"https:\/\/tenpac.fr\/#website\"},\"primaryImageOfPage\":{\"@id\":\"https:\/\/tenpac.fr\/index.php\/produit\/housse-pour-plusieurs-vetements-format-long-noir\/#primaryimage\"},\"image\":{\"@id\":\"https:\/\/tenpac.fr\/index.php\/produit\/housse-pour-plusieurs-vetements-format-long-noir\/#primaryimage\"},\"thumbnailUrl\":\"https:\/\/tenpac.fr\/wp-content\/uploads\/2021\/06\/V2025NOa.jpg\",\"datePublished\":\"2021-06-29T16:35:33+00:00\",\"dateModified\":\"2023-05-01T19:49:56+00:00\",\"breadcrumb\":{\"@id\":\"https:\/\/tenpac.fr\/index.php\/produit\/housse-pour-plusieurs-vetements-format-long-noir\/#breadcrumb\"},\"inLanguage\":\"fr-FR\",\"potentialAction\":[{\"@type\":\"ReadAction\",\"target\":[\"https:\/\/tenpac.fr\/index.php\/produit\/housse-pour-plusieurs-vetements-format-long-noir\/\"]}]},{\"@type\":\"ImageObject\",\"inLanguage\":\"fr-FR\",\"@id\":\"https:\/\/tenpac.fr\/index.php\/produit\/housse-pour-plusieurs-vetements-format-long-noir\/#primaryimage\",\"url\":\"https:\/\/tenpac.fr\/wp-content\/uploads\/2021\/06\/V2025NOa.jpg\",\"contentUrl\":\"https:\/\/tenpac.fr\/wp-content\/uploads\/2021\/06\/V2025NOa.jpg\",\"width\":211,\"height\":426,\"caption\":\"housse pour plusieurs v\u00eatements\"},{\"@type\":\"BreadcrumbList\",\"@id\":\"https:\/\/tenpac.fr\/index.php\/produit\/housse-pour-plusieurs-vetements-format-long-noir\/#breadcrumb\",\"itemListElement\":[{\"@type\":\"ListItem\",\"position\":1,\"name\":\"Accueil\",\"item\":\"https:\/\/tenpac.fr\/\"},{\"@type\":\"ListItem\",\"position\":2,\"name\":\"Shop\",\"item\":\"https:\/\/tenpac.fr\/index.php\/shop\/\"},{\"@type\":\"ListItem\",\"position\":3,\"name\":\"Housse pour plusieurs v\u00eatements format long noir\"}]},{\"@type\":\"WebSite\",\"@id\":\"https:\/\/tenpac.fr\/#website\",\"url\":\"https:\/\/tenpac.fr\/\",\"name\":\"Tenpac\",\"description\":\"Le sp\u00e9cialiste des housses de v\u00eatements\",\"publisher\":{\"@id\":\"https:\/\/tenpac.fr\/#organization\"},\"potentialAction\":[{\"@type\":\"SearchAction\",\"target\":{\"@type\":\"EntryPoint\",\"urlTemplate\":\"https:\/\/tenpac.fr\/?s={search_term_string}\"},\"query-input\":{\"@type\":\"PropertyValueSpecification\",\"valueRequired\":true,\"valueName\":\"search_term_string\"}}],\"inLanguage\":\"fr-FR\"},{\"@type\":\"Organization\",\"@id\":\"https:\/\/tenpac.fr\/#organization\",\"name\":\"TENPAC\",\"url\":\"https:\/\/tenpac.fr\/\",\"logo\":{\"@type\":\"ImageObject\",\"inLanguage\":\"fr-FR\",\"@id\":\"https:\/\/tenpac.fr\/#\/schema\/logo\/image\/\",\"url\":\"https:\/\/madeleinezu.com\/wp-content\/uploads\/2021\/06\/logojpg.jpg\",\"contentUrl\":\"https:\/\/madeleinezu.com\/wp-content\/uploads\/2021\/06\/logojpg.jpg\",\"width\":156,\"height\":59,\"caption\":\"TENPAC\"},\"image\":{\"@id\":\"https:\/\/tenpac.fr\/#\/schema\/logo\/image\/\"}}]}<\/script>\n<!-- \/ Yoast SEO plugin. -->","yoast_head_json":{"title":"Housse pour plusieurs v\u00eatements format long noir - Tenpac","robots":{"index":"index","follow":"follow","max-snippet":"max-snippet:-1","max-image-preview":"max-image-preview:large","max-video-preview":"max-video-preview:-1"},"canonical":"https:\/\/tenpac.fr\/index.php\/produit\/housse-pour-plusieurs-vetements-format-long-noir\/","og_locale":"fr_FR","og_type":"article","og_title":"Housse pour plusieurs v\u00eatements format long noir - Tenpac","og_description":"Dimensions : 137 x 63cm + soufflet 13cm  Mati\u00e8re : nylon  Opaque  Fermeture \u00e9clair sur toute la hauteur","og_url":"https:\/\/tenpac.fr\/index.php\/produit\/housse-pour-plusieurs-vetements-format-long-noir\/","og_site_name":"Tenpac","article_modified_time":"2023-05-01T19:49:56+00:00","og_image":[{"width":211,"height":426,"url":"https:\/\/tenpac.fr\/wp-content\/uploads\/2021\/06\/V2025NOa.jpg","type":"image\/jpeg"}],"twitter_card":"summary_large_image","twitter_misc":{"Dur\u00e9e de lecture estim\u00e9e":"1 minute"},"schema":{"@context":"https:\/\/schema.org","@graph":[{"@type":"WebPage","@id":"https:\/\/tenpac.fr\/index.php\/produit\/housse-pour-plusieurs-vetements-format-long-noir\/","url":"https:\/\/tenpac.fr\/index.php\/produit\/housse-pour-plusieurs-vetements-format-long-noir\/","name":"Housse pour plusieurs v\u00eatements format long noir - Tenpac","isPartOf":{"@id":"https:\/\/tenpac.fr\/#website"},"primaryImageOfPage":{"@id":"https:\/\/tenpac.fr\/index.php\/produit\/housse-pour-plusieurs-vetements-format-long-noir\/#primaryimage"},"image":{"@id":"https:\/\/tenpac.fr\/index.php\/produit\/housse-pour-plusieurs-vetements-format-long-noir\/#primaryimage"},"thumbnailUrl":"https:\/\/tenpac.fr\/wp-content\/uploads\/2021\/06\/V2025NOa.jpg","datePublished":"2021-06-29T16:35:33+00:00","dateModified":"2023-05-01T19:49:56+00:00","breadcrumb":{"@id":"https:\/\/tenpac.fr\/index.php\/produit\/housse-pour-plusieurs-vetements-format-long-noir\/#breadcrumb"},"inLanguage":"fr-FR","potentialAction":[{"@type":"ReadAction","target":["https:\/\/tenpac.fr\/index.php\/produit\/housse-pour-plusieurs-vetements-format-long-noir\/"]}]},{"@type":"ImageObject","inLanguage":"fr-FR","@id":"https:\/\/tenpac.fr\/index.php\/produit\/housse-pour-plusieurs-vetements-format-long-noir\/#primaryimage","url":"https:\/\/tenpac.fr\/wp-content\/uploads\/2021\/06\/V2025NOa.jpg","contentUrl":"https:\/\/tenpac.fr\/wp-content\/uploads\/2021\/06\/V2025NOa.jpg","width":211,"height":426,"caption":"housse pour plusieurs v\u00eatements"},{"@type":"BreadcrumbList","@id":"https:\/\/tenpac.fr\/index.php\/produit\/housse-pour-plusieurs-vetements-format-long-noir\/#breadcrumb","itemListElement":[{"@type":"ListItem","position":1,"name":"Accueil","item":"https:\/\/tenpac.fr\/"},{"@type":"ListItem","position":2,"name":"Shop","item":"https:\/\/tenpac.fr\/index.php\/shop\/"},{"@type":"ListItem","position":3,"name":"Housse pour plusieurs v\u00eatements format long noir"}]},{"@type":"WebSite","@id":"https:\/\/tenpac.fr\/#website","url":"https:\/\/tenpac.fr\/","name":"Tenpac","description":"Le sp\u00e9cialiste des housses de v\u00eatements","publisher":{"@id":"https:\/\/tenpac.fr\/#organization"},"potentialAction":[{"@type":"SearchAction","target":{"@type":"EntryPoint","urlTemplate":"https:\/\/tenpac.fr\/?s={search_term_string}"},"query-input":{"@type":"PropertyValueSpecification","valueRequired":true,"valueName":"search_term_string"}}],"inLanguage":"fr-FR"},{"@type":"Organization","@id":"https:\/\/tenpac.fr\/#organization","name":"TENPAC","url":"https:\/\/tenpac.fr\/","logo":{"@type":"ImageObject","inLanguage":"fr-FR","@id":"https:\/\/tenpac.fr\/#\/schema\/logo\/image\/","url":"https:\/\/madeleinezu.com\/wp-content\/uploads\/2021\/06\/logojpg.jpg","contentUrl":"https:\/\/madeleinezu.com\/wp-content\/uploads\/2021\/06\/logojpg.jpg","width":156,"height":59,"caption":"TENPAC"},"image":{"@id":"https:\/\/tenpac.fr\/#\/schema\/logo\/image\/"}}]}},"jetpack_sharing_enabled":true,"tiered_pricing_type":"fixed","tiered_pricing_fixed_rules":{"20":7.54,"50":7.15,"100":6.75,"500":6.35},"tiered_pricing_product_settings":{"layout":"default","base_unit_name":{"singular":null,"plural":null},"default_variation":null},"tiered_pricing_minimum_quantity":null,"tiered_pricing_roles_data":[],"tiered_pricing_percentage_rules":[],"_links":{"self":[{"href":"https:\/\/tenpac.fr\/index.php\/wp-json\/wp\/v2\/product\/2796","targetHints":{"allow":["GET"]}}],"collection":[{"href":"https:\/\/tenpac.fr\/index.php\/wp-json\/wp\/v2\/product"}],"about":[{"href":"https:\/\/tenpac.fr\/index.php\/wp-json\/wp\/v2\/types\/product"}],"replies":[{"embeddable":true,"href":"https:\/\/tenpac.fr\/index.php\/wp-json\/wp\/v2\/comments?post=2796"}],"wp:featuredmedia":[{"embeddable":true,"href":"https:\/\/tenpac.fr\/index.php\/wp-json\/wp\/v2\/media\/2793"}],"wp:attachment":[{"href":"https:\/\/tenpac.fr\/index.php\/wp-json\/wp\/v2\/media?parent=2796"}],"wp:term":[{"taxonomy":"product_brand","embeddable":true,"href":"https:\/\/tenpac.fr\/index.php\/wp-json\/wp\/v2\/product_brand?post=2796"},{"taxonomy":"product_cat","embeddable":true,"href":"https:\/\/tenpac.fr\/index.php\/wp-json\/wp\/v2\/product_cat?post=2796"},{"taxonomy":"product_tag","embeddable":true,"href":"https:\/\/tenpac.fr\/index.php\/wp-json\/wp\/v2\/product_tag?post=2796"}],"curies":[{"name":"wp","href":"https:\/\/api.w.org\/{rel}","templated":true}]}}