{"id":2761,"date":"2021-06-28T18:06:24","date_gmt":"2021-06-28T16:06:24","guid":{"rendered":"https:\/\/madeleinezu.com\/?post_type=product&#038;p=2761"},"modified":"2024-03-30T16:56:24","modified_gmt":"2024-03-30T15:56:24","slug":"housse-transparente-courte","status":"publish","type":"product","link":"https:\/\/tenpac.fr\/index.php\/produit\/housse-transparente-courte\/","title":{"rendered":"Housse transparente courte"},"content":{"rendered":"<div class=\"product-img-box col-md-5 \">\n<div class=\"etalage-control\">Besoin de clart\u00e9 et d&rsquo;efficacit\u00e9 : notre housse transparente pour v\u00eatements format court vous offre une protection \u00e9paisse et de haute qualit\u00e9.<\/div>\n<div>Elle vous permet de visualiser en un clin d&rsquo;\u0153il de contenu de votre vestiaire.<\/div>\n<div>Elle se nettoie facilement avec un chiffon humide et peut \u00eatre d\u00e9sinfect\u00e9e avec un spray virucide.<\/div>\n<\/div>\n<div><\/div>\n<h2>Caract\u00e9ristiques techniques<\/h2>\n<div>\n<ul>\n<li>Tarif HT<\/li>\n<li>Dimensions : 102cm x 61cm<\/li>\n<li>Mati\u00e8re : Vinyle<\/li>\n<\/ul>\n<\/div>\n","protected":false},"excerpt":{"rendered":"<ul>\n<li>Tarif HT<\/li>\n<li>Dimensions : 102cm x 61cm<\/li>\n<li>Mati\u00e8re : Vinyle<\/li>\n<\/ul>\n","protected":false},"featured_media":2704,"comment_status":"open","ping_status":"closed","template":"","meta":[],"product_brand":[],"product_cat":[53,70],"product_tag":[],"class_list":{"0":"post-2761","1":"product","2":"type-product","3":"status-publish","4":"has-post-thumbnail","6":"product_cat-housses-vetements","7":"product_cat-housses-transparentes","9":"first","10":"instock","11":"featured","12":"taxable","13":"shipping-taxable","14":"purchasable","15":"product-type-simple"},"yoast_head":"<!-- This site is optimized with the Yoast SEO plugin v26.7 - https:\/\/yoast.com\/wordpress\/plugins\/seo\/ -->\n<title>Housse transparente courte pour v\u00eatements - Tenpac<\/title>\n<meta name=\"description\" content=\"Besoin de clart\u00e9 et d&#039;efficacit\u00e9 : notre housse transparente pour v\u00eatements format court vous offre une protection \u00e9paisse et de haute qualit\u00e9.\" \/>\n<meta name=\"robots\" content=\"index, follow, max-snippet:-1, max-image-preview:large, max-video-preview:-1\" \/>\n<link rel=\"canonical\" href=\"https:\/\/tenpac.fr\/index.php\/produit\/housse-transparente-courte\/\" \/>\n<meta property=\"og:locale\" content=\"fr_FR\" \/>\n<meta property=\"og:type\" content=\"article\" \/>\n<meta property=\"og:title\" content=\"Housse transparente courte pour v\u00eatements - Tenpac\" \/>\n<meta property=\"og:description\" content=\"Besoin de clart\u00e9 et d&#039;efficacit\u00e9 : notre housse transparente pour v\u00eatements format court vous offre une protection \u00e9paisse et de haute qualit\u00e9.\" \/>\n<meta property=\"og:url\" content=\"https:\/\/tenpac.fr\/index.php\/produit\/housse-transparente-courte\/\" \/>\n<meta property=\"og:site_name\" content=\"Tenpac\" \/>\n<meta property=\"article:modified_time\" content=\"2024-03-30T15:56:24+00:00\" \/>\n<meta property=\"og:image\" content=\"https:\/\/tenpac.fr\/wp-content\/uploads\/2021\/06\/cat_transp.jpg\" \/>\n\t<meta property=\"og:image:width\" content=\"275\" \/>\n\t<meta property=\"og:image:height\" content=\"275\" \/>\n\t<meta property=\"og:image:type\" content=\"image\/jpeg\" \/>\n<meta name=\"twitter:card\" content=\"summary_large_image\" \/>\n<meta name=\"twitter:label1\" content=\"Dur\u00e9e de lecture estim\u00e9e\" \/>\n\t<meta name=\"twitter:data1\" content=\"1 minute\" \/>\n<script type=\"application\/ld+json\" class=\"yoast-schema-graph\">{\"@context\":\"https:\/\/schema.org\",\"@graph\":[{\"@type\":\"WebPage\",\"@id\":\"https:\/\/tenpac.fr\/index.php\/produit\/housse-transparente-courte\/\",\"url\":\"https:\/\/tenpac.fr\/index.php\/produit\/housse-transparente-courte\/\",\"name\":\"Housse transparente courte pour v\u00eatements - Tenpac\",\"isPartOf\":{\"@id\":\"https:\/\/tenpac.fr\/#website\"},\"primaryImageOfPage\":{\"@id\":\"https:\/\/tenpac.fr\/index.php\/produit\/housse-transparente-courte\/#primaryimage\"},\"image\":{\"@id\":\"https:\/\/tenpac.fr\/index.php\/produit\/housse-transparente-courte\/#primaryimage\"},\"thumbnailUrl\":\"https:\/\/tenpac.fr\/wp-content\/uploads\/2021\/06\/cat_transp.jpg\",\"datePublished\":\"2021-06-28T16:06:24+00:00\",\"dateModified\":\"2024-03-30T15:56:24+00:00\",\"description\":\"Besoin de clart\u00e9 et d'efficacit\u00e9 : notre housse transparente pour v\u00eatements format court vous offre une protection \u00e9paisse et de haute qualit\u00e9.\",\"breadcrumb\":{\"@id\":\"https:\/\/tenpac.fr\/index.php\/produit\/housse-transparente-courte\/#breadcrumb\"},\"inLanguage\":\"fr-FR\",\"potentialAction\":[{\"@type\":\"ReadAction\",\"target\":[\"https:\/\/tenpac.fr\/index.php\/produit\/housse-transparente-courte\/\"]}]},{\"@type\":\"ImageObject\",\"inLanguage\":\"fr-FR\",\"@id\":\"https:\/\/tenpac.fr\/index.php\/produit\/housse-transparente-courte\/#primaryimage\",\"url\":\"https:\/\/tenpac.fr\/wp-content\/uploads\/2021\/06\/cat_transp.jpg\",\"contentUrl\":\"https:\/\/tenpac.fr\/wp-content\/uploads\/2021\/06\/cat_transp.jpg\",\"width\":275,\"height\":275},{\"@type\":\"BreadcrumbList\",\"@id\":\"https:\/\/tenpac.fr\/index.php\/produit\/housse-transparente-courte\/#breadcrumb\",\"itemListElement\":[{\"@type\":\"ListItem\",\"position\":1,\"name\":\"Accueil\",\"item\":\"https:\/\/tenpac.fr\/\"},{\"@type\":\"ListItem\",\"position\":2,\"name\":\"Shop\",\"item\":\"https:\/\/tenpac.fr\/index.php\/shop\/\"},{\"@type\":\"ListItem\",\"position\":3,\"name\":\"Housse transparente courte\"}]},{\"@type\":\"WebSite\",\"@id\":\"https:\/\/tenpac.fr\/#website\",\"url\":\"https:\/\/tenpac.fr\/\",\"name\":\"Tenpac\",\"description\":\"Le sp\u00e9cialiste des housses de v\u00eatements\",\"publisher\":{\"@id\":\"https:\/\/tenpac.fr\/#organization\"},\"potentialAction\":[{\"@type\":\"SearchAction\",\"target\":{\"@type\":\"EntryPoint\",\"urlTemplate\":\"https:\/\/tenpac.fr\/?s={search_term_string}\"},\"query-input\":{\"@type\":\"PropertyValueSpecification\",\"valueRequired\":true,\"valueName\":\"search_term_string\"}}],\"inLanguage\":\"fr-FR\"},{\"@type\":\"Organization\",\"@id\":\"https:\/\/tenpac.fr\/#organization\",\"name\":\"TENPAC\",\"url\":\"https:\/\/tenpac.fr\/\",\"logo\":{\"@type\":\"ImageObject\",\"inLanguage\":\"fr-FR\",\"@id\":\"https:\/\/tenpac.fr\/#\/schema\/logo\/image\/\",\"url\":\"https:\/\/madeleinezu.com\/wp-content\/uploads\/2021\/06\/logojpg.jpg\",\"contentUrl\":\"https:\/\/madeleinezu.com\/wp-content\/uploads\/2021\/06\/logojpg.jpg\",\"width\":156,\"height\":59,\"caption\":\"TENPAC\"},\"image\":{\"@id\":\"https:\/\/tenpac.fr\/#\/schema\/logo\/image\/\"}}]}<\/script>\n<!-- \/ Yoast SEO plugin. -->","yoast_head_json":{"title":"Housse transparente courte pour v\u00eatements - Tenpac","description":"Besoin de clart\u00e9 et d'efficacit\u00e9 : notre housse transparente pour v\u00eatements format court vous offre une protection \u00e9paisse et de haute qualit\u00e9.","robots":{"index":"index","follow":"follow","max-snippet":"max-snippet:-1","max-image-preview":"max-image-preview:large","max-video-preview":"max-video-preview:-1"},"canonical":"https:\/\/tenpac.fr\/index.php\/produit\/housse-transparente-courte\/","og_locale":"fr_FR","og_type":"article","og_title":"Housse transparente courte pour v\u00eatements - Tenpac","og_description":"Besoin de clart\u00e9 et d'efficacit\u00e9 : notre housse transparente pour v\u00eatements format court vous offre une protection \u00e9paisse et de haute qualit\u00e9.","og_url":"https:\/\/tenpac.fr\/index.php\/produit\/housse-transparente-courte\/","og_site_name":"Tenpac","article_modified_time":"2024-03-30T15:56:24+00:00","og_image":[{"width":275,"height":275,"url":"https:\/\/tenpac.fr\/wp-content\/uploads\/2021\/06\/cat_transp.jpg","type":"image\/jpeg"}],"twitter_card":"summary_large_image","twitter_misc":{"Dur\u00e9e de lecture estim\u00e9e":"1 minute"},"schema":{"@context":"https:\/\/schema.org","@graph":[{"@type":"WebPage","@id":"https:\/\/tenpac.fr\/index.php\/produit\/housse-transparente-courte\/","url":"https:\/\/tenpac.fr\/index.php\/produit\/housse-transparente-courte\/","name":"Housse transparente courte pour v\u00eatements - Tenpac","isPartOf":{"@id":"https:\/\/tenpac.fr\/#website"},"primaryImageOfPage":{"@id":"https:\/\/tenpac.fr\/index.php\/produit\/housse-transparente-courte\/#primaryimage"},"image":{"@id":"https:\/\/tenpac.fr\/index.php\/produit\/housse-transparente-courte\/#primaryimage"},"thumbnailUrl":"https:\/\/tenpac.fr\/wp-content\/uploads\/2021\/06\/cat_transp.jpg","datePublished":"2021-06-28T16:06:24+00:00","dateModified":"2024-03-30T15:56:24+00:00","description":"Besoin de clart\u00e9 et d'efficacit\u00e9 : notre housse transparente pour v\u00eatements format court vous offre une protection \u00e9paisse et de haute qualit\u00e9.","breadcrumb":{"@id":"https:\/\/tenpac.fr\/index.php\/produit\/housse-transparente-courte\/#breadcrumb"},"inLanguage":"fr-FR","potentialAction":[{"@type":"ReadAction","target":["https:\/\/tenpac.fr\/index.php\/produit\/housse-transparente-courte\/"]}]},{"@type":"ImageObject","inLanguage":"fr-FR","@id":"https:\/\/tenpac.fr\/index.php\/produit\/housse-transparente-courte\/#primaryimage","url":"https:\/\/tenpac.fr\/wp-content\/uploads\/2021\/06\/cat_transp.jpg","contentUrl":"https:\/\/tenpac.fr\/wp-content\/uploads\/2021\/06\/cat_transp.jpg","width":275,"height":275},{"@type":"BreadcrumbList","@id":"https:\/\/tenpac.fr\/index.php\/produit\/housse-transparente-courte\/#breadcrumb","itemListElement":[{"@type":"ListItem","position":1,"name":"Accueil","item":"https:\/\/tenpac.fr\/"},{"@type":"ListItem","position":2,"name":"Shop","item":"https:\/\/tenpac.fr\/index.php\/shop\/"},{"@type":"ListItem","position":3,"name":"Housse transparente courte"}]},{"@type":"WebSite","@id":"https:\/\/tenpac.fr\/#website","url":"https:\/\/tenpac.fr\/","name":"Tenpac","description":"Le sp\u00e9cialiste des housses de v\u00eatements","publisher":{"@id":"https:\/\/tenpac.fr\/#organization"},"potentialAction":[{"@type":"SearchAction","target":{"@type":"EntryPoint","urlTemplate":"https:\/\/tenpac.fr\/?s={search_term_string}"},"query-input":{"@type":"PropertyValueSpecification","valueRequired":true,"valueName":"search_term_string"}}],"inLanguage":"fr-FR"},{"@type":"Organization","@id":"https:\/\/tenpac.fr\/#organization","name":"TENPAC","url":"https:\/\/tenpac.fr\/","logo":{"@type":"ImageObject","inLanguage":"fr-FR","@id":"https:\/\/tenpac.fr\/#\/schema\/logo\/image\/","url":"https:\/\/madeleinezu.com\/wp-content\/uploads\/2021\/06\/logojpg.jpg","contentUrl":"https:\/\/madeleinezu.com\/wp-content\/uploads\/2021\/06\/logojpg.jpg","width":156,"height":59,"caption":"TENPAC"},"image":{"@id":"https:\/\/tenpac.fr\/#\/schema\/logo\/image\/"}}]}},"jetpack_sharing_enabled":true,"tiered_pricing_type":"fixed","tiered_pricing_fixed_rules":{"100":2.74,"500":2.6,"1000":2.47},"tiered_pricing_product_settings":{"layout":"default","base_unit_name":{"singular":null,"plural":null},"default_variation":null},"tiered_pricing_minimum_quantity":null,"tiered_pricing_roles_data":[],"tiered_pricing_percentage_rules":[],"_links":{"self":[{"href":"https:\/\/tenpac.fr\/index.php\/wp-json\/wp\/v2\/product\/2761","targetHints":{"allow":["GET"]}}],"collection":[{"href":"https:\/\/tenpac.fr\/index.php\/wp-json\/wp\/v2\/product"}],"about":[{"href":"https:\/\/tenpac.fr\/index.php\/wp-json\/wp\/v2\/types\/product"}],"replies":[{"embeddable":true,"href":"https:\/\/tenpac.fr\/index.php\/wp-json\/wp\/v2\/comments?post=2761"}],"wp:featuredmedia":[{"embeddable":true,"href":"https:\/\/tenpac.fr\/index.php\/wp-json\/wp\/v2\/media\/2704"}],"wp:attachment":[{"href":"https:\/\/tenpac.fr\/index.php\/wp-json\/wp\/v2\/media?parent=2761"}],"wp:term":[{"taxonomy":"product_brand","embeddable":true,"href":"https:\/\/tenpac.fr\/index.php\/wp-json\/wp\/v2\/product_brand?post=2761"},{"taxonomy":"product_cat","embeddable":true,"href":"https:\/\/tenpac.fr\/index.php\/wp-json\/wp\/v2\/product_cat?post=2761"},{"taxonomy":"product_tag","embeddable":true,"href":"https:\/\/tenpac.fr\/index.php\/wp-json\/wp\/v2\/product_tag?post=2761"}],"curies":[{"name":"wp","href":"https:\/\/api.w.org\/{rel}","templated":true}]}}