{"id":1541,"date":"2018-04-09T03:01:13","date_gmt":"2018-04-09T01:01:13","guid":{"rendered":"http:\/\/sw-themes.com\/porto_dummy\/product\/import-placeholder-for-1328\/"},"modified":"2024-08-13T08:20:25","modified_gmt":"2024-08-13T06:20:25","slug":"housse-couvre-epaules-haute-avec-soufflet","status":"publish","type":"product","link":"https:\/\/tenpac.fr\/index.php\/produit\/housse-couvre-epaules-haute-avec-soufflet\/","title":{"rendered":"Housse couvre \u00e9paules haute avec soufflet"},"content":{"rendered":"<ul>\n<li>Tarifs HT<\/li>\n<li>Commande par multiples de 10<\/li>\n<li>Dimensions\u00a0: 55cm x 41cm + soufflet 5 cm<\/li>\n<li>Mati\u00e8re\u00a0: vinyle<\/li>\n<li>Epaisseur\u00a0: 0.04mm<\/li>\n<li>Coloris\u00a0: transparent<\/li>\n<\/ul>\n","protected":false},"excerpt":{"rendered":"<p>La protection pratique des habits sur cintres.<\/p>\n<p>Nos housses couvre-\u00e9paules s&rsquo;enfilent facilement et \u00e9vitent le d\u00e9p\u00f4t de poussi\u00e8res sur les parties les plus expos\u00e9s des habits.<\/p>\n<ul>\n<li>Tarifs HT<\/li>\n<li>Dimensions\u00a0: 55cm x 41cm + soufflet 5 cm<\/li>\n<li>Mati\u00e8re\u00a0: vinyle<\/li>\n<li>Epaisseur\u00a0: 0.04mm<\/li>\n<li>Coloris\u00a0: transparent<\/li>\n<\/ul>\n","protected":false},"featured_media":2664,"comment_status":"open","ping_status":"closed","template":"","meta":[],"product_brand":[],"product_cat":[68],"product_tag":[],"class_list":{"0":"post-1541","1":"product","2":"type-product","3":"status-publish","4":"has-post-thumbnail","6":"product_cat-housses-couvre-epaule","8":"first","9":"instock","10":"taxable","11":"shipping-taxable","12":"purchasable","13":"product-type-simple"},"yoast_head":"<!-- This site is optimized with the Yoast SEO plugin v26.7 - https:\/\/yoast.com\/wordpress\/plugins\/seo\/ -->\n<title>Housse couvre \u00e9paules haute avec soufflet - Tenpac<\/title>\n<meta name=\"description\" content=\"Nos housses couvre-\u00e9paules s&#039;enfilent facilement et \u00e9vitent le d\u00e9p\u00f4t de poussi\u00e8res sur les parties les plus expos\u00e9es.\" \/>\n<meta name=\"robots\" content=\"index, follow, max-snippet:-1, max-image-preview:large, max-video-preview:-1\" \/>\n<link rel=\"canonical\" href=\"https:\/\/tenpac.fr\/index.php\/produit\/housse-couvre-epaules-haute-avec-soufflet\/\" \/>\n<meta property=\"og:locale\" content=\"fr_FR\" \/>\n<meta property=\"og:type\" content=\"article\" \/>\n<meta property=\"og:title\" content=\"Housse couvre \u00e9paules haute avec soufflet - Tenpac\" \/>\n<meta property=\"og:description\" content=\"Nos housses couvre-\u00e9paules s&#039;enfilent facilement et \u00e9vitent le d\u00e9p\u00f4t de poussi\u00e8res sur les parties les plus expos\u00e9es.\" \/>\n<meta property=\"og:url\" content=\"https:\/\/tenpac.fr\/index.php\/produit\/housse-couvre-epaules-haute-avec-soufflet\/\" \/>\n<meta property=\"og:site_name\" content=\"Tenpac\" \/>\n<meta property=\"article:modified_time\" content=\"2024-08-13T06:20:25+00:00\" \/>\n<meta property=\"og:image\" content=\"https:\/\/tenpac.fr\/wp-content\/uploads\/2018\/04\/V4004a.jpg\" \/>\n\t<meta property=\"og:image:width\" content=\"316\" \/>\n\t<meta property=\"og:image:height\" content=\"420\" \/>\n\t<meta property=\"og:image:type\" content=\"image\/jpeg\" \/>\n<meta name=\"twitter:card\" content=\"summary_large_image\" \/>\n<script type=\"application\/ld+json\" class=\"yoast-schema-graph\">{\"@context\":\"https:\/\/schema.org\",\"@graph\":[{\"@type\":\"WebPage\",\"@id\":\"https:\/\/tenpac.fr\/index.php\/produit\/housse-couvre-epaules-haute-avec-soufflet\/\",\"url\":\"https:\/\/tenpac.fr\/index.php\/produit\/housse-couvre-epaules-haute-avec-soufflet\/\",\"name\":\"Housse couvre \u00e9paules haute avec soufflet - Tenpac\",\"isPartOf\":{\"@id\":\"https:\/\/tenpac.fr\/#website\"},\"primaryImageOfPage\":{\"@id\":\"https:\/\/tenpac.fr\/index.php\/produit\/housse-couvre-epaules-haute-avec-soufflet\/#primaryimage\"},\"image\":{\"@id\":\"https:\/\/tenpac.fr\/index.php\/produit\/housse-couvre-epaules-haute-avec-soufflet\/#primaryimage\"},\"thumbnailUrl\":\"https:\/\/tenpac.fr\/wp-content\/uploads\/2018\/04\/V4004a.jpg\",\"datePublished\":\"2018-04-09T01:01:13+00:00\",\"dateModified\":\"2024-08-13T06:20:25+00:00\",\"description\":\"Nos housses couvre-\u00e9paules s'enfilent facilement et \u00e9vitent le d\u00e9p\u00f4t de poussi\u00e8res sur les parties les plus expos\u00e9es.\",\"breadcrumb\":{\"@id\":\"https:\/\/tenpac.fr\/index.php\/produit\/housse-couvre-epaules-haute-avec-soufflet\/#breadcrumb\"},\"inLanguage\":\"fr-FR\",\"potentialAction\":[{\"@type\":\"ReadAction\",\"target\":[\"https:\/\/tenpac.fr\/index.php\/produit\/housse-couvre-epaules-haute-avec-soufflet\/\"]}]},{\"@type\":\"ImageObject\",\"inLanguage\":\"fr-FR\",\"@id\":\"https:\/\/tenpac.fr\/index.php\/produit\/housse-couvre-epaules-haute-avec-soufflet\/#primaryimage\",\"url\":\"https:\/\/tenpac.fr\/wp-content\/uploads\/2018\/04\/V4004a.jpg\",\"contentUrl\":\"https:\/\/tenpac.fr\/wp-content\/uploads\/2018\/04\/V4004a.jpg\",\"width\":316,\"height\":420,\"caption\":\"housse couvre \u00e9paules\"},{\"@type\":\"BreadcrumbList\",\"@id\":\"https:\/\/tenpac.fr\/index.php\/produit\/housse-couvre-epaules-haute-avec-soufflet\/#breadcrumb\",\"itemListElement\":[{\"@type\":\"ListItem\",\"position\":1,\"name\":\"Accueil\",\"item\":\"https:\/\/tenpac.fr\/\"},{\"@type\":\"ListItem\",\"position\":2,\"name\":\"Shop\",\"item\":\"https:\/\/tenpac.fr\/index.php\/shop\/\"},{\"@type\":\"ListItem\",\"position\":3,\"name\":\"Housse couvre \u00e9paules haute avec soufflet\"}]},{\"@type\":\"WebSite\",\"@id\":\"https:\/\/tenpac.fr\/#website\",\"url\":\"https:\/\/tenpac.fr\/\",\"name\":\"Tenpac\",\"description\":\"Le sp\u00e9cialiste des housses de v\u00eatements\",\"publisher\":{\"@id\":\"https:\/\/tenpac.fr\/#organization\"},\"potentialAction\":[{\"@type\":\"SearchAction\",\"target\":{\"@type\":\"EntryPoint\",\"urlTemplate\":\"https:\/\/tenpac.fr\/?s={search_term_string}\"},\"query-input\":{\"@type\":\"PropertyValueSpecification\",\"valueRequired\":true,\"valueName\":\"search_term_string\"}}],\"inLanguage\":\"fr-FR\"},{\"@type\":\"Organization\",\"@id\":\"https:\/\/tenpac.fr\/#organization\",\"name\":\"TENPAC\",\"url\":\"https:\/\/tenpac.fr\/\",\"logo\":{\"@type\":\"ImageObject\",\"inLanguage\":\"fr-FR\",\"@id\":\"https:\/\/tenpac.fr\/#\/schema\/logo\/image\/\",\"url\":\"https:\/\/madeleinezu.com\/wp-content\/uploads\/2021\/06\/logojpg.jpg\",\"contentUrl\":\"https:\/\/madeleinezu.com\/wp-content\/uploads\/2021\/06\/logojpg.jpg\",\"width\":156,\"height\":59,\"caption\":\"TENPAC\"},\"image\":{\"@id\":\"https:\/\/tenpac.fr\/#\/schema\/logo\/image\/\"}}]}<\/script>\n<!-- \/ Yoast SEO plugin. -->","yoast_head_json":{"title":"Housse couvre \u00e9paules haute avec soufflet - Tenpac","description":"Nos housses couvre-\u00e9paules s'enfilent facilement et \u00e9vitent le d\u00e9p\u00f4t de poussi\u00e8res sur les parties les plus expos\u00e9es.","robots":{"index":"index","follow":"follow","max-snippet":"max-snippet:-1","max-image-preview":"max-image-preview:large","max-video-preview":"max-video-preview:-1"},"canonical":"https:\/\/tenpac.fr\/index.php\/produit\/housse-couvre-epaules-haute-avec-soufflet\/","og_locale":"fr_FR","og_type":"article","og_title":"Housse couvre \u00e9paules haute avec soufflet - Tenpac","og_description":"Nos housses couvre-\u00e9paules s'enfilent facilement et \u00e9vitent le d\u00e9p\u00f4t de poussi\u00e8res sur les parties les plus expos\u00e9es.","og_url":"https:\/\/tenpac.fr\/index.php\/produit\/housse-couvre-epaules-haute-avec-soufflet\/","og_site_name":"Tenpac","article_modified_time":"2024-08-13T06:20:25+00:00","og_image":[{"width":316,"height":420,"url":"https:\/\/tenpac.fr\/wp-content\/uploads\/2018\/04\/V4004a.jpg","type":"image\/jpeg"}],"twitter_card":"summary_large_image","schema":{"@context":"https:\/\/schema.org","@graph":[{"@type":"WebPage","@id":"https:\/\/tenpac.fr\/index.php\/produit\/housse-couvre-epaules-haute-avec-soufflet\/","url":"https:\/\/tenpac.fr\/index.php\/produit\/housse-couvre-epaules-haute-avec-soufflet\/","name":"Housse couvre \u00e9paules haute avec soufflet - Tenpac","isPartOf":{"@id":"https:\/\/tenpac.fr\/#website"},"primaryImageOfPage":{"@id":"https:\/\/tenpac.fr\/index.php\/produit\/housse-couvre-epaules-haute-avec-soufflet\/#primaryimage"},"image":{"@id":"https:\/\/tenpac.fr\/index.php\/produit\/housse-couvre-epaules-haute-avec-soufflet\/#primaryimage"},"thumbnailUrl":"https:\/\/tenpac.fr\/wp-content\/uploads\/2018\/04\/V4004a.jpg","datePublished":"2018-04-09T01:01:13+00:00","dateModified":"2024-08-13T06:20:25+00:00","description":"Nos housses couvre-\u00e9paules s'enfilent facilement et \u00e9vitent le d\u00e9p\u00f4t de poussi\u00e8res sur les parties les plus expos\u00e9es.","breadcrumb":{"@id":"https:\/\/tenpac.fr\/index.php\/produit\/housse-couvre-epaules-haute-avec-soufflet\/#breadcrumb"},"inLanguage":"fr-FR","potentialAction":[{"@type":"ReadAction","target":["https:\/\/tenpac.fr\/index.php\/produit\/housse-couvre-epaules-haute-avec-soufflet\/"]}]},{"@type":"ImageObject","inLanguage":"fr-FR","@id":"https:\/\/tenpac.fr\/index.php\/produit\/housse-couvre-epaules-haute-avec-soufflet\/#primaryimage","url":"https:\/\/tenpac.fr\/wp-content\/uploads\/2018\/04\/V4004a.jpg","contentUrl":"https:\/\/tenpac.fr\/wp-content\/uploads\/2018\/04\/V4004a.jpg","width":316,"height":420,"caption":"housse couvre \u00e9paules"},{"@type":"BreadcrumbList","@id":"https:\/\/tenpac.fr\/index.php\/produit\/housse-couvre-epaules-haute-avec-soufflet\/#breadcrumb","itemListElement":[{"@type":"ListItem","position":1,"name":"Accueil","item":"https:\/\/tenpac.fr\/"},{"@type":"ListItem","position":2,"name":"Shop","item":"https:\/\/tenpac.fr\/index.php\/shop\/"},{"@type":"ListItem","position":3,"name":"Housse couvre \u00e9paules haute avec soufflet"}]},{"@type":"WebSite","@id":"https:\/\/tenpac.fr\/#website","url":"https:\/\/tenpac.fr\/","name":"Tenpac","description":"Le sp\u00e9cialiste des housses de v\u00eatements","publisher":{"@id":"https:\/\/tenpac.fr\/#organization"},"potentialAction":[{"@type":"SearchAction","target":{"@type":"EntryPoint","urlTemplate":"https:\/\/tenpac.fr\/?s={search_term_string}"},"query-input":{"@type":"PropertyValueSpecification","valueRequired":true,"valueName":"search_term_string"}}],"inLanguage":"fr-FR"},{"@type":"Organization","@id":"https:\/\/tenpac.fr\/#organization","name":"TENPAC","url":"https:\/\/tenpac.fr\/","logo":{"@type":"ImageObject","inLanguage":"fr-FR","@id":"https:\/\/tenpac.fr\/#\/schema\/logo\/image\/","url":"https:\/\/madeleinezu.com\/wp-content\/uploads\/2021\/06\/logojpg.jpg","contentUrl":"https:\/\/madeleinezu.com\/wp-content\/uploads\/2021\/06\/logojpg.jpg","width":156,"height":59,"caption":"TENPAC"},"image":{"@id":"https:\/\/tenpac.fr\/#\/schema\/logo\/image\/"}}]}},"jetpack_sharing_enabled":true,"tiered_pricing_type":"fixed","tiered_pricing_fixed_rules":{"100":0.93,"500":0.88,"1000":0.84,"5000":0.8},"tiered_pricing_product_settings":{"layout":"default","base_unit_name":{"singular":null,"plural":null},"default_variation":null},"tiered_pricing_minimum_quantity":null,"tiered_pricing_roles_data":[],"tiered_pricing_percentage_rules":[],"_links":{"self":[{"href":"https:\/\/tenpac.fr\/index.php\/wp-json\/wp\/v2\/product\/1541","targetHints":{"allow":["GET"]}}],"collection":[{"href":"https:\/\/tenpac.fr\/index.php\/wp-json\/wp\/v2\/product"}],"about":[{"href":"https:\/\/tenpac.fr\/index.php\/wp-json\/wp\/v2\/types\/product"}],"replies":[{"embeddable":true,"href":"https:\/\/tenpac.fr\/index.php\/wp-json\/wp\/v2\/comments?post=1541"}],"wp:featuredmedia":[{"embeddable":true,"href":"https:\/\/tenpac.fr\/index.php\/wp-json\/wp\/v2\/media\/2664"}],"wp:attachment":[{"href":"https:\/\/tenpac.fr\/index.php\/wp-json\/wp\/v2\/media?parent=1541"}],"wp:term":[{"taxonomy":"product_brand","embeddable":true,"href":"https:\/\/tenpac.fr\/index.php\/wp-json\/wp\/v2\/product_brand?post=1541"},{"taxonomy":"product_cat","embeddable":true,"href":"https:\/\/tenpac.fr\/index.php\/wp-json\/wp\/v2\/product_cat?post=1541"},{"taxonomy":"product_tag","embeddable":true,"href":"https:\/\/tenpac.fr\/index.php\/wp-json\/wp\/v2\/product_tag?post=1541"}],"curies":[{"name":"wp","href":"https:\/\/api.w.org\/{rel}","templated":true}]}}