{"id":2,"date":"2021-06-09T14:19:23","date_gmt":"2021-06-09T12:19:23","guid":{"rendered":"http:\/\/madeleinezu.com\/?page_id=2"},"modified":"2022-03-09T10:18:34","modified_gmt":"2022-03-09T09:18:34","slug":"compte-pro","status":"publish","type":"page","link":"https:\/\/tenpac.fr\/index.php\/compte-pro\/","title":{"rendered":"Votre compte PRO TENPAC"},"content":{"rendered":"\n<h2 class=\"wp-block-heading\">Entreprises priv\u00e9es, \u00e9tablissements publics, associations&#8230;<\/h2>\n\n\n\n<p>Gagnez en efficacit\u00e9 et en simplicit\u00e9 gr\u00e2ce \u00e0 une gamme de services adapt\u00e9s et pens\u00e9s pour vous.<\/p>\n\n\n\n<h2 class=\"wp-block-heading\">Vos paiements \u00e0 \u00e9ch\u00e9ance<\/h2>\n\n\n\n<p>Votre compte pro permet aux collaborateurs de l&rsquo;entreprise de passer commande en ligne sans avoir \u00e0 disposer de moyen de paiement.<\/p>\n\n\n\n<h2 class=\"wp-block-heading\">Des r\u00e9ductions permanentes<\/h2>\n\n\n\n<p>En fonction de votre volume annuel de commande et sous r\u00e9serve d&rsquo;un historique existant, nous vous accodons des remises permanentes sur toutes vos commandes. N&rsquo;h\u00e9sitez pas \u00e0 demander l&rsquo;\u00e9tude de votre compte.<\/p>\n\n\n\n<h2 class=\"wp-block-heading\">Des offres privil\u00e8ges<\/h2>\n\n\n\n<p>Les d\u00e9tenteurs d&rsquo;un compte pro Tenpac b\u00e9n\u00e9ficient d&rsquo;offres exclusives.<\/p>\n\n\n\n<h2 class=\"wp-block-heading\">Une assistance pour tous vos besoins<\/h2>\n\n\n\n<figure class=\"wp-block-pullquote\"><blockquote><p>Notre \u00e9quipe se tient \u00e0 votre disposition pour r\u00e9pondre \u00e0 toutes vos questions ou \u00e0 vos demandes de devis personnalis\u00e9s. <strong>Demandez d\u00e8s \u00e0 pr\u00e9sent l&rsquo;ouverture de votre compte pro :&nbsp;<a href=\"https:\/\/docs.google.com\/forms\/d\/e\/1FAIpQLSdhdX7jkUtm1WioASYBv3FKGt1TANPkio9_-qhSFjwflnOq5w\/viewform\" target=\"_blank\" rel=\"noreferrer noopener\">acc\u00e8s au formulaire<\/a><\/strong><\/p><\/blockquote><\/figure>\n","protected":false},"excerpt":{"rendered":"<p>Entreprises priv\u00e9es, \u00e9tablissements publics, associations&#8230; Gagnez en efficacit\u00e9 et en simplicit\u00e9 gr\u00e2ce \u00e0 une gamme de services adapt\u00e9s et pens\u00e9s pour vous. Vos paiements \u00e0 \u00e9ch\u00e9ance Votre compte pro permet aux collaborateurs de l&rsquo;entreprise de passer commande en ligne sans avoir \u00e0 disposer de moyen de paiement. Des r\u00e9ductions permanentes En fonction de votre volume [&hellip;]<\/p>\n","protected":false},"author":1,"featured_media":0,"parent":0,"menu_order":0,"comment_status":"closed","ping_status":"closed","template":"","meta":{"footnotes":""},"class_list":["post-2","page","type-page","status-publish","hentry"],"yoast_head":"<!-- This site is optimized with the Yoast SEO plugin v26.7 - https:\/\/yoast.com\/wordpress\/plugins\/seo\/ -->\n<title>Votre compte PRO TENPAC - Tenpac<\/title>\n<meta name=\"robots\" content=\"index, follow, max-snippet:-1, max-image-preview:large, max-video-preview:-1\" \/>\n<link rel=\"canonical\" href=\"https:\/\/tenpac.fr\/index.php\/compte-pro\/\" \/>\n<meta property=\"og:locale\" content=\"fr_FR\" \/>\n<meta property=\"og:type\" content=\"article\" \/>\n<meta property=\"og:title\" content=\"Votre compte PRO TENPAC - Tenpac\" \/>\n<meta property=\"og:description\" content=\"Entreprises priv\u00e9es, \u00e9tablissements publics, associations&#8230; Gagnez en efficacit\u00e9 et en simplicit\u00e9 gr\u00e2ce \u00e0 une gamme de services adapt\u00e9s et pens\u00e9s pour vous. Vos paiements \u00e0 \u00e9ch\u00e9ance Votre compte pro permet aux collaborateurs de l&rsquo;entreprise de passer commande en ligne sans avoir \u00e0 disposer de moyen de paiement. Des r\u00e9ductions permanentes En fonction de votre volume [&hellip;]\" \/>\n<meta property=\"og:url\" content=\"https:\/\/tenpac.fr\/index.php\/compte-pro\/\" \/>\n<meta property=\"og:site_name\" content=\"Tenpac\" \/>\n<meta property=\"article:modified_time\" content=\"2022-03-09T09:18:34+00:00\" \/>\n<meta name=\"twitter:card\" content=\"summary_large_image\" \/>\n<meta name=\"twitter:label1\" content=\"Dur\u00e9e de lecture estim\u00e9e\" \/>\n\t<meta name=\"twitter:data1\" content=\"1 minute\" \/>\n<script type=\"application\/ld+json\" class=\"yoast-schema-graph\">{\"@context\":\"https:\/\/schema.org\",\"@graph\":[{\"@type\":\"WebPage\",\"@id\":\"https:\/\/tenpac.fr\/index.php\/compte-pro\/\",\"url\":\"https:\/\/tenpac.fr\/index.php\/compte-pro\/\",\"name\":\"Votre compte PRO TENPAC - Tenpac\",\"isPartOf\":{\"@id\":\"https:\/\/tenpac.fr\/#website\"},\"datePublished\":\"2021-06-09T12:19:23+00:00\",\"dateModified\":\"2022-03-09T09:18:34+00:00\",\"breadcrumb\":{\"@id\":\"https:\/\/tenpac.fr\/index.php\/compte-pro\/#breadcrumb\"},\"inLanguage\":\"fr-FR\",\"potentialAction\":[{\"@type\":\"ReadAction\",\"target\":[\"https:\/\/tenpac.fr\/index.php\/compte-pro\/\"]}]},{\"@type\":\"BreadcrumbList\",\"@id\":\"https:\/\/tenpac.fr\/index.php\/compte-pro\/#breadcrumb\",\"itemListElement\":[{\"@type\":\"ListItem\",\"position\":1,\"name\":\"Accueil\",\"item\":\"https:\/\/tenpac.fr\/\"},{\"@type\":\"ListItem\",\"position\":2,\"name\":\"Votre compte PRO TENPAC\"}]},{\"@type\":\"WebSite\",\"@id\":\"https:\/\/tenpac.fr\/#website\",\"url\":\"https:\/\/tenpac.fr\/\",\"name\":\"Tenpac\",\"description\":\"Le sp\u00e9cialiste des housses de v\u00eatements\",\"publisher\":{\"@id\":\"https:\/\/tenpac.fr\/#organization\"},\"potentialAction\":[{\"@type\":\"SearchAction\",\"target\":{\"@type\":\"EntryPoint\",\"urlTemplate\":\"https:\/\/tenpac.fr\/?s={search_term_string}\"},\"query-input\":{\"@type\":\"PropertyValueSpecification\",\"valueRequired\":true,\"valueName\":\"search_term_string\"}}],\"inLanguage\":\"fr-FR\"},{\"@type\":\"Organization\",\"@id\":\"https:\/\/tenpac.fr\/#organization\",\"name\":\"TENPAC\",\"url\":\"https:\/\/tenpac.fr\/\",\"logo\":{\"@type\":\"ImageObject\",\"inLanguage\":\"fr-FR\",\"@id\":\"https:\/\/tenpac.fr\/#\/schema\/logo\/image\/\",\"url\":\"https:\/\/madeleinezu.com\/wp-content\/uploads\/2021\/06\/logojpg.jpg\",\"contentUrl\":\"https:\/\/madeleinezu.com\/wp-content\/uploads\/2021\/06\/logojpg.jpg\",\"width\":156,\"height\":59,\"caption\":\"TENPAC\"},\"image\":{\"@id\":\"https:\/\/tenpac.fr\/#\/schema\/logo\/image\/\"}}]}<\/script>\n<!-- \/ Yoast SEO plugin. -->","yoast_head_json":{"title":"Votre compte PRO TENPAC - Tenpac","robots":{"index":"index","follow":"follow","max-snippet":"max-snippet:-1","max-image-preview":"max-image-preview:large","max-video-preview":"max-video-preview:-1"},"canonical":"https:\/\/tenpac.fr\/index.php\/compte-pro\/","og_locale":"fr_FR","og_type":"article","og_title":"Votre compte PRO TENPAC - Tenpac","og_description":"Entreprises priv\u00e9es, \u00e9tablissements publics, associations&#8230; Gagnez en efficacit\u00e9 et en simplicit\u00e9 gr\u00e2ce \u00e0 une gamme de services adapt\u00e9s et pens\u00e9s pour vous. Vos paiements \u00e0 \u00e9ch\u00e9ance Votre compte pro permet aux collaborateurs de l&rsquo;entreprise de passer commande en ligne sans avoir \u00e0 disposer de moyen de paiement. Des r\u00e9ductions permanentes En fonction de votre volume [&hellip;]","og_url":"https:\/\/tenpac.fr\/index.php\/compte-pro\/","og_site_name":"Tenpac","article_modified_time":"2022-03-09T09:18:34+00:00","twitter_card":"summary_large_image","twitter_misc":{"Dur\u00e9e de lecture estim\u00e9e":"1 minute"},"schema":{"@context":"https:\/\/schema.org","@graph":[{"@type":"WebPage","@id":"https:\/\/tenpac.fr\/index.php\/compte-pro\/","url":"https:\/\/tenpac.fr\/index.php\/compte-pro\/","name":"Votre compte PRO TENPAC - Tenpac","isPartOf":{"@id":"https:\/\/tenpac.fr\/#website"},"datePublished":"2021-06-09T12:19:23+00:00","dateModified":"2022-03-09T09:18:34+00:00","breadcrumb":{"@id":"https:\/\/tenpac.fr\/index.php\/compte-pro\/#breadcrumb"},"inLanguage":"fr-FR","potentialAction":[{"@type":"ReadAction","target":["https:\/\/tenpac.fr\/index.php\/compte-pro\/"]}]},{"@type":"BreadcrumbList","@id":"https:\/\/tenpac.fr\/index.php\/compte-pro\/#breadcrumb","itemListElement":[{"@type":"ListItem","position":1,"name":"Accueil","item":"https:\/\/tenpac.fr\/"},{"@type":"ListItem","position":2,"name":"Votre compte PRO TENPAC"}]},{"@type":"WebSite","@id":"https:\/\/tenpac.fr\/#website","url":"https:\/\/tenpac.fr\/","name":"Tenpac","description":"Le sp\u00e9cialiste des housses de v\u00eatements","publisher":{"@id":"https:\/\/tenpac.fr\/#organization"},"potentialAction":[{"@type":"SearchAction","target":{"@type":"EntryPoint","urlTemplate":"https:\/\/tenpac.fr\/?s={search_term_string}"},"query-input":{"@type":"PropertyValueSpecification","valueRequired":true,"valueName":"search_term_string"}}],"inLanguage":"fr-FR"},{"@type":"Organization","@id":"https:\/\/tenpac.fr\/#organization","name":"TENPAC","url":"https:\/\/tenpac.fr\/","logo":{"@type":"ImageObject","inLanguage":"fr-FR","@id":"https:\/\/tenpac.fr\/#\/schema\/logo\/image\/","url":"https:\/\/madeleinezu.com\/wp-content\/uploads\/2021\/06\/logojpg.jpg","contentUrl":"https:\/\/madeleinezu.com\/wp-content\/uploads\/2021\/06\/logojpg.jpg","width":156,"height":59,"caption":"TENPAC"},"image":{"@id":"https:\/\/tenpac.fr\/#\/schema\/logo\/image\/"}}]}},"jetpack_sharing_enabled":true,"_links":{"self":[{"href":"https:\/\/tenpac.fr\/index.php\/wp-json\/wp\/v2\/pages\/2","targetHints":{"allow":["GET"]}}],"collection":[{"href":"https:\/\/tenpac.fr\/index.php\/wp-json\/wp\/v2\/pages"}],"about":[{"href":"https:\/\/tenpac.fr\/index.php\/wp-json\/wp\/v2\/types\/page"}],"author":[{"embeddable":true,"href":"https:\/\/tenpac.fr\/index.php\/wp-json\/wp\/v2\/users\/1"}],"replies":[{"embeddable":true,"href":"https:\/\/tenpac.fr\/index.php\/wp-json\/wp\/v2\/comments?post=2"}],"version-history":[{"count":4,"href":"https:\/\/tenpac.fr\/index.php\/wp-json\/wp\/v2\/pages\/2\/revisions"}],"predecessor-version":[{"id":2881,"href":"https:\/\/tenpac.fr\/index.php\/wp-json\/wp\/v2\/pages\/2\/revisions\/2881"}],"wp:attachment":[{"href":"https:\/\/tenpac.fr\/index.php\/wp-json\/wp\/v2\/media?parent=2"}],"curies":[{"name":"wp","href":"https:\/\/api.w.org\/{rel}","templated":true}]}}